{"id":3,"date":"2025-05-21T04:34:24","date_gmt":"2025-05-21T04:34:24","guid":{"rendered":"https:\/\/villasong.web.exnodes.vn\/?page_id=3"},"modified":"2025-10-02T11:04:58","modified_gmt":"2025-10-02T04:04:58","slug":"privacy-policy","status":"publish","type":"page","link":"https:\/\/www.villasong.com\/vi\/privacy-policy\/","title":{"rendered":"Ch\u00ednh s\u00e1ch quy\u1ec1n ri\u00eang t\u01b0"},"content":{"rendered":"<div data-elementor-type=\"wp-page\" data-elementor-id=\"3\" class=\"elementor elementor-3\" data-elementor-post-type=\"page\">\n\t\t\t\t<div class=\"elementor-element elementor-element-66e53a6 e-flex e-con-boxed e-con e-parent\" data-id=\"66e53a6\" data-element_type=\"container\">\n\t\t\t\t\t<div class=\"e-con-inner\">\n\t\t\t\t<div class=\"elementor-element elementor-element-6e72fbf elementor-widget elementor-widget-spacer\" data-id=\"6e72fbf\" data-element_type=\"widget\" data-widget_type=\"spacer.default\">\n\t\t\t\t<div class=\"elementor-widget-container\">\n\t\t\t\t\t\t\t<div class=\"elementor-spacer\">\n\t\t\t<div class=\"elementor-spacer-inner\"><\/div>\n\t\t<\/div>\n\t\t\t\t\t\t<\/div>\n\t\t\t\t<\/div>\n\t\t\t\t<div class=\"elementor-element elementor-element-f436b79 elementor-widget elementor-widget-heading\" data-id=\"f436b79\" data-element_type=\"widget\" data-widget_type=\"heading.default\">\n\t\t\t\t<div class=\"elementor-widget-container\">\n\t\t\t\t\t<h2 class=\"elementor-heading-title elementor-size-default\">Ch\u00ednh s\u00e1ch quy\u1ec1n ri\u00eang t\u01b0<\/h2>\t\t\t\t<\/div>\n\t\t\t\t<\/div>\n\t\t<div class=\"elementor-element elementor-element-20e6bbc e-con-full e-flex e-con e-child\" data-id=\"20e6bbc\" data-element_type=\"container\">\n\t\t\t\t<div class=\"elementor-element elementor-element-4bbc471 elementor-widget elementor-widget-heading\" data-id=\"4bbc471\" data-element_type=\"widget\" data-widget_type=\"heading.default\">\n\t\t\t\t<div class=\"elementor-widget-container\">\n\t\t\t\t\t<h2 class=\"elementor-heading-title elementor-size-default\">1. Gi\u1edbi thi\u1ec7u v\u1ec1 ch\u00fang t\u00f4i<\/h2>\t\t\t\t<\/div>\n\t\t\t\t<\/div>\n\t\t\t\t<div class=\"elementor-element elementor-element-92f3aa5 elementor-widget elementor-widget-text-editor\" data-id=\"92f3aa5\" data-element_type=\"widget\" data-widget_type=\"text-editor.default\">\n\t\t\t\t<div class=\"elementor-widget-container\">\n\t\t\t\t\t\t\t\t\t<p>Villa S\u00f4ng S\u00e0i G\u00f2n (\u201cch\u00fang t\u00f4i\u201d) t\u00f4n tr\u1ecdng quy\u1ec1n ri\u00eang t\u01b0 v\u00e0 cam k\u1ebft b\u1ea3o v\u1ec7 d\u1eef li\u1ec7u c\u00e1 nh\u00e2n c\u1ee7a b\u1ea1n theo \u0111\u00fang quy \u0111\u1ecbnh c\u1ee7a ph\u00e1p lu\u1eadt Vi\u1ec7t Nam v\u00e0 c\u00e1c ti\u00eau chu\u1ea9n qu\u1ed1c t\u1ebf v\u1ec1 b\u1ea3o m\u1eadt d\u1eef li\u1ec7u.<\/p>\t\t\t\t\t\t\t\t<\/div>\n\t\t\t\t<\/div>\n\t\t\t\t<div class=\"elementor-element elementor-element-434c9b8 elementor-widget elementor-widget-heading\" data-id=\"434c9b8\" data-element_type=\"widget\" data-widget_type=\"heading.default\">\n\t\t\t\t<div class=\"elementor-widget-container\">\n\t\t\t\t\t<h2 class=\"elementor-heading-title elementor-size-default\">2. D\u1eef li\u1ec7u ch\u00fang t\u00f4i thu th\u1eadp<\/h2>\t\t\t\t<\/div>\n\t\t\t\t<\/div>\n\t\t\t\t<div class=\"elementor-element elementor-element-efede17 elementor-widget elementor-widget-text-editor\" data-id=\"efede17\" data-element_type=\"widget\" data-widget_type=\"text-editor.default\">\n\t\t\t\t<div class=\"elementor-widget-container\">\n\t\t\t\t\t\t\t\t\t<p>Ch\u00fang t\u00f4i c\u00f3 th\u1ec3 thu th\u1eadp v\u00e0 x\u1eed l\u00fd c\u00e1c lo\u1ea1i d\u1eef li\u1ec7u c\u00e1 nh\u00e2n sau:<\/p><ul><li>T\u00ean, th\u00f4ng tin li\u00ean h\u1ec7 (email, s\u1ed1 \u0111i\u1ec7n tho\u1ea1i)<\/li><li>Th\u00f4ng tin \u0111\u1eb7t ph\u00f2ng (ng\u00e0y l\u01b0u tr\u00fa, s\u1edf th\u00edch, lo\u1ea1i ph\u00f2ng)<\/li><li>Th\u00f4ng tin thanh to\u00e1n (n\u1ebfu c\u00f3)<\/li><li>Qu\u1ed1c t\u1ecbch v\u00e0 gi\u1ea5y t\u1edd t\u00f9y th\u00e2n (ph\u1ee5c v\u1ee5 th\u1ee7 t\u1ee5c check-in v\u00e0 tu\u00e2n th\u1ee7 quy \u0111\u1ecbnh ph\u00e1p lu\u1eadt)<\/li><li>C\u00e1c trao \u0111\u1ed5i v\u00e0 y\u00eau c\u1ea7u \u0111\u01b0\u1ee3c g\u1eedi qua website ho\u1eb7c email c\u1ee7a ch\u00fang t\u00f4i<\/li><\/ul>\t\t\t\t\t\t\t\t<\/div>\n\t\t\t\t<\/div>\n\t\t\t\t<div class=\"elementor-element elementor-element-3225d25 elementor-widget elementor-widget-heading\" data-id=\"3225d25\" data-element_type=\"widget\" data-widget_type=\"heading.default\">\n\t\t\t\t<div class=\"elementor-widget-container\">\n\t\t\t\t\t<h2 class=\"elementor-heading-title elementor-size-default\">3. M\u1ee5c \u0111\u00edch s\u1eed d\u1ee5ng d\u1eef li\u1ec7u c\u1ee7a b\u1ea1n<\/h2>\t\t\t\t<\/div>\n\t\t\t\t<\/div>\n\t\t\t\t<div class=\"elementor-element elementor-element-3c74613 elementor-widget elementor-widget-text-editor\" data-id=\"3c74613\" data-element_type=\"widget\" data-widget_type=\"text-editor.default\">\n\t\t\t\t<div class=\"elementor-widget-container\">\n\t\t\t\t\t\t\t\t\t<p>D\u1eef li\u1ec7u c\u00e1 nh\u00e2n c\u1ee7a b\u1ea1n c\u00f3 th\u1ec3 \u0111\u01b0\u1ee3c s\u1eed d\u1ee5ng \u0111\u1ec3:<\/p><ul><li>X\u1eed l\u00fd \u0111\u1eb7t ph\u00f2ng v\u00e0 cung c\u1ea5p d\u1ecbch v\u1ee5<\/li><li>Li\u00ean h\u1ec7 v\u1edbi b\u1ea1n v\u1ec1 k\u1ef3 l\u01b0u tr\u00fa<\/li><li>C\u1ea3i thi\u1ec7n website v\u00e0 d\u1ecbch v\u1ee5 c\u1ee7a ch\u00fang t\u00f4i<\/li><li>Tu\u00e2n th\u1ee7 c\u00e1c ngh\u0129a v\u1ee5 ph\u00e1p l\u00fd (v\u00ed d\u1ee5: lu\u1eadt xu\u1ea5t nh\u1eadp c\u1ea3nh)<\/li><li>G\u1eedi th\u00f4ng tin ti\u1ebfp th\u1ecb (ch\u1ec9 khi c\u00f3 s\u1ef1 \u0111\u1ed3ng \u00fd tr\u01b0\u1edbc c\u1ee7a b\u1ea1n)<\/li><\/ul>\t\t\t\t\t\t\t\t<\/div>\n\t\t\t\t<\/div>\n\t\t\t\t<div class=\"elementor-element elementor-element-c4d45de elementor-widget elementor-widget-heading\" data-id=\"c4d45de\" data-element_type=\"widget\" data-widget_type=\"heading.default\">\n\t\t\t\t<div class=\"elementor-widget-container\">\n\t\t\t\t\t<h2 class=\"elementor-heading-title elementor-size-default\">4. C\u01a1 s\u1edf ph\u00e1p l\u00fd cho vi\u1ec7c x\u1eed l\u00fd d\u1eef li\u1ec7u (\u0111\u1ed1i v\u1edbi kh\u00e1ch qu\u1ed1c t\u1ebf)<\/h2>\t\t\t\t<\/div>\n\t\t\t\t<\/div>\n\t\t\t\t<div class=\"elementor-element elementor-element-a60de79 elementor-widget elementor-widget-text-editor\" data-id=\"a60de79\" data-element_type=\"widget\" data-widget_type=\"text-editor.default\">\n\t\t\t\t<div class=\"elementor-widget-container\">\n\t\t\t\t\t\t\t\t\t<p>N\u1ebfu b\u1ea1n \u1edf EU, Anh ho\u1eb7c c\u00e1c khu v\u1ef1c ph\u00e1p l\u00fd c\u00f3 quy \u0111\u1ecbnh t\u01b0\u01a1ng t\u1ef1, ch\u00fang t\u00f4i x\u1eed l\u00fd d\u1eef li\u1ec7u c\u00e1 nh\u00e2n c\u1ee7a b\u1ea1n d\u1ef1a tr\u00ean:<\/p><ul><li>Th\u1ef1c hi\u1ec7n h\u1ee3p \u0111\u1ed3ng (v\u00ed d\u1ee5: \u0111\u1eb7t ph\u00f2ng kh\u00e1ch s\u1ea1n)<\/li><li>Ngh\u0129a v\u1ee5 ph\u00e1p l\u00fd<\/li><li>L\u1ee3i \u00edch h\u1ee3p ph\u00e1p (v\u00ed d\u1ee5: c\u1ea3i thi\u1ec7n d\u1ecbch v\u1ee5)<\/li><li>S\u1ef1 \u0111\u1ed3ng \u00fd r\u00f5 r\u00e0ng c\u1ee7a b\u1ea1n (v\u00ed d\u1ee5: cho ho\u1ea1t \u0111\u1ed9ng ti\u1ebfp th\u1ecb)<\/li><\/ul>\t\t\t\t\t\t\t\t<\/div>\n\t\t\t\t<\/div>\n\t\t\t\t<div class=\"elementor-element elementor-element-508b3b7 elementor-widget elementor-widget-heading\" data-id=\"508b3b7\" data-element_type=\"widget\" data-widget_type=\"heading.default\">\n\t\t\t\t<div class=\"elementor-widget-container\">\n\t\t\t\t\t<h2 class=\"elementor-heading-title elementor-size-default\">5. Quy\u1ec1n c\u1ee7a b\u1ea1n<\/h2>\t\t\t\t<\/div>\n\t\t\t\t<\/div>\n\t\t\t\t<div class=\"elementor-element elementor-element-1bc04e8 elementor-widget elementor-widget-text-editor\" data-id=\"1bc04e8\" data-element_type=\"widget\" data-widget_type=\"text-editor.default\">\n\t\t\t\t<div class=\"elementor-widget-container\">\n\t\t\t\t\t\t\t\t\tT\u00f9y theo khu v\u1ef1c ph\u00e1p l\u00fd, b\u1ea1n c\u00f3 th\u1ec3 c\u00f3 c\u00e1c quy\u1ec1n sau:\n<ul style=\"margin-bottom:20px;\">\n \t<li>Truy c\u1eadp, c\u1eadp nh\u1eadt ho\u1eb7c x\u00f3a d\u1eef li\u1ec7u c\u00e1 nh\u00e2n c\u1ee7a m\u00ecnh<\/li>\n \t<li>Ph\u1ea3n \u0111\u1ed1i ho\u1eb7c h\u1ea1n ch\u1ebf m\u1ed9t s\u1ed1 ho\u1ea1t \u0111\u1ed9ng x\u1eed l\u00fd d\u1eef li\u1ec7u<\/li>\n \t<li>Y\u00eau c\u1ea7u chuy\u1ec3n d\u1eef li\u1ec7u (nh\u1eadn d\u1eef li\u1ec7u \u1edf \u0111\u1ecbnh d\u1ea1ng c\u00f3 c\u1ea5u tr\u00fac)<\/li>\n \t<li>R\u00fat l\u1ea1i s\u1ef1 \u0111\u1ed3ng \u00fd b\u1ea5t k\u1ef3 l\u00fac n\u00e0o (n\u1ebfu \u00e1p d\u1ee5ng)<\/li>\n<\/ul>\nB\u1ea1n c\u00f3 th\u1ec3 t\u00ecm hi\u1ec3u th\u00eam v\u1ec1 quy\u1ec1n c\u1ee7a m\u00ecnh b\u1eb1ng c\u00e1ch li\u00ean h\u1ec7 tr\u1ef1c ti\u1ebfp v\u1edbi ch\u00fang t\u00f4i (xem M\u1ee5c 10).\t\t\t\t\t\t\t\t<\/div>\n\t\t\t\t<\/div>\n\t\t\t\t<div class=\"elementor-element elementor-element-fcea712 elementor-widget elementor-widget-heading\" data-id=\"fcea712\" data-element_type=\"widget\" data-widget_type=\"heading.default\">\n\t\t\t\t<div class=\"elementor-widget-container\">\n\t\t\t\t\t<h2 class=\"elementor-heading-title elementor-size-default\">6. Data Sharing &amp; Transfers<\/h2>\t\t\t\t<\/div>\n\t\t\t\t<\/div>\n\t\t\t\t<div class=\"elementor-element elementor-element-8dea264 elementor-widget elementor-widget-text-editor\" data-id=\"8dea264\" data-element_type=\"widget\" data-widget_type=\"text-editor.default\">\n\t\t\t\t<div class=\"elementor-widget-container\">\n\t\t\t\t\t\t\t\t\t<p>Ch\u00fang t\u00f4i c\u00f3 th\u1ec3 chia s\u1ebb th\u00f4ng tin c\u1ee7a b\u1ea1n v\u1edbi c\u00e1c \u0111\u1ed1i t\u00e1c d\u1ecbch v\u1ee5 \u0111\u00e1ng tin c\u1eady (v\u00ed d\u1ee5: \u0111\u01a1n v\u1ecb x\u1eed l\u00fd thanh to\u00e1n, \u0111\u1ed1i t\u00e1c \u0111\u1eb7t ph\u00f2ng) ch\u1ec9 khi c\u1ea7n thi\u1ebft \u0111\u1ec3 th\u1ef1c hi\u1ec7n y\u00eau c\u1ea7u c\u1ee7a b\u1ea1n.<br \/>\u0110\u1ed1i v\u1edbi kh\u00e1ch qu\u1ed1c t\u1ebf, d\u1eef li\u1ec7u c\u1ee7a b\u1ea1n c\u00f3 th\u1ec3 \u0111\u01b0\u1ee3c chuy\u1ec3n giao ho\u1eb7c x\u1eed l\u00fd t\u1ea1i c\u00e1c qu\u1ed1c gia ngo\u00e0i n\u01a1i c\u01b0 tr\u00fa c\u1ee7a b\u1ea1n. Khi c\u1ea7n thi\u1ebft, ch\u00fang t\u00f4i s\u1ebd \u00e1p d\u1ee5ng c\u00e1c bi\u1ec7n ph\u00e1p b\u1ea3o v\u1ec7 ph\u00f9 h\u1ee3p (v\u00ed d\u1ee5: \u0111i\u1ec1u kho\u1ea3n h\u1ee3p \u0111\u1ed3ng, th\u1ecfa thu\u1eadn b\u1ea3o v\u1ec7 d\u1eef li\u1ec7u).<\/p>\t\t\t\t\t\t\t\t<\/div>\n\t\t\t\t<\/div>\n\t\t\t\t<div class=\"elementor-element elementor-element-144e033 elementor-widget elementor-widget-heading\" data-id=\"144e033\" data-element_type=\"widget\" data-widget_type=\"heading.default\">\n\t\t\t\t<div class=\"elementor-widget-container\">\n\t\t\t\t\t<h2 class=\"elementor-heading-title elementor-size-default\">7. Cookies &amp; Tracking Technologies<\/h2>\t\t\t\t<\/div>\n\t\t\t\t<\/div>\n\t\t\t\t<div class=\"elementor-element elementor-element-b1ae57f elementor-widget elementor-widget-text-editor\" data-id=\"b1ae57f\" data-element_type=\"widget\" data-widget_type=\"text-editor.default\">\n\t\t\t\t<div class=\"elementor-widget-container\">\n\t\t\t\t\t\t\t\t\t<p>Hi\u1ec7n t\u1ea1i, ch\u00fang t\u00f4i <strong>kh\u00f4ng<\/strong> s\u1eed d\u1ee5ng cookie, c\u00f4ng c\u1ee5 ph\u00e2n t\u00edch hay c\u00f4ng ngh\u1ec7 theo d\u00f5i tr\u00ean website.<br \/>N\u1ebfu trong t\u01b0\u01a1ng lai c\u00f3 tri\u1ec3n khai, ch\u00fang t\u00f4i s\u1ebd c\u1eadp nh\u1eadt ch\u00ednh s\u00e1ch n\u00e0y, c\u00f4ng b\u1ed1 minh b\u1ea1ch v\u00e0 xin s\u1ef1 \u0111\u1ed3ng \u00fd c\u1ee7a b\u1ea1n khi ph\u00e1p lu\u1eadt y\u00eau c\u1ea7u.<\/p>\t\t\t\t\t\t\t\t<\/div>\n\t\t\t\t<\/div>\n\t\t\t\t<div class=\"elementor-element elementor-element-0c05df3 elementor-widget elementor-widget-heading\" data-id=\"0c05df3\" data-element_type=\"widget\" data-widget_type=\"heading.default\">\n\t\t\t\t<div class=\"elementor-widget-container\">\n\t\t\t\t\t<h2 class=\"elementor-heading-title elementor-size-default\">8. B\u1ea3o m\u1eadt d\u1eef li\u1ec7u<\/h2>\t\t\t\t<\/div>\n\t\t\t\t<\/div>\n\t\t\t\t<div class=\"elementor-element elementor-element-9817493 elementor-widget elementor-widget-text-editor\" data-id=\"9817493\" data-element_type=\"widget\" data-widget_type=\"text-editor.default\">\n\t\t\t\t<div class=\"elementor-widget-container\">\n\t\t\t\t\t\t\t\t\t<p>Ch\u00fang t\u00f4i \u00e1p d\u1ee5ng c\u00e1c bi\u1ec7n ph\u00e1p b\u1ea3o m\u1eadt ph\u00f9 h\u1ee3p \u0111\u1ec3 b\u1ea3o v\u1ec7 d\u1eef li\u1ec7u c\u00e1 nh\u00e2n c\u1ee7a b\u1ea1n kh\u1ecfi vi\u1ec7c truy c\u1eadp tr\u00e1i ph\u00e9p, thay \u0111\u1ed5i, ti\u1ebft l\u1ed9 ho\u1eb7c h\u1ee7y ho\u1ea1i d\u1eef li\u1ec7u.<\/p>\t\t\t\t\t\t\t\t<\/div>\n\t\t\t\t<\/div>\n\t\t\t\t<div class=\"elementor-element elementor-element-7ad6095 elementor-widget elementor-widget-heading\" data-id=\"7ad6095\" data-element_type=\"widget\" data-widget_type=\"heading.default\">\n\t\t\t\t<div class=\"elementor-widget-container\">\n\t\t\t\t\t<h2 class=\"elementor-heading-title elementor-size-default\">9. L\u01b0u tr\u1eef d\u1eef li\u1ec7u<\/h2>\t\t\t\t<\/div>\n\t\t\t\t<\/div>\n\t\t\t\t<div class=\"elementor-element elementor-element-7035237 elementor-widget elementor-widget-text-editor\" data-id=\"7035237\" data-element_type=\"widget\" data-widget_type=\"text-editor.default\">\n\t\t\t\t<div class=\"elementor-widget-container\">\n\t\t\t\t\t\t\t\t\t<p>D\u1eef li\u1ec7u c\u00e1 nh\u00e2n c\u1ee7a b\u1ea1n ch\u1ec9 \u0111\u01b0\u1ee3c l\u01b0u gi\u1eef trong th\u1eddi gian c\u1ea7n thi\u1ebft cho c\u00e1c m\u1ee5c \u0111\u00edch \u0111\u00e3 n\u00eau trong ch\u00ednh s\u00e1ch n\u00e0y ho\u1eb7c theo quy \u0111\u1ecbnh c\u1ee7a ph\u00e1p lu\u1eadt.<\/p>\t\t\t\t\t\t\t\t<\/div>\n\t\t\t\t<\/div>\n\t\t\t\t<div class=\"elementor-element elementor-element-aff23ce elementor-widget elementor-widget-heading\" data-id=\"aff23ce\" data-element_type=\"widget\" data-widget_type=\"heading.default\">\n\t\t\t\t<div class=\"elementor-widget-container\">\n\t\t\t\t\t<h2 class=\"elementor-heading-title elementor-size-default\">10. Th\u00f4ng tin li\u00ean h\u1ec7<\/h2>\t\t\t\t<\/div>\n\t\t\t\t<\/div>\n\t\t\t\t<div class=\"elementor-element elementor-element-3822765 elementor-widget elementor-widget-text-editor\" data-id=\"3822765\" data-element_type=\"widget\" data-widget_type=\"text-editor.default\">\n\t\t\t\t<div class=\"elementor-widget-container\">\n\t\t\t\t\t\t\t\t\t<p>\u0110\u1ec3 li\u00ean h\u1ec7 v\u1edbi ch\u00fang t\u00f4i v\u1ec1 quy\u1ec1n ri\u00eang t\u01b0, quy\u1ec1n truy c\u1eadp d\u1eef li\u1ec7u ho\u1eb7c b\u1ea5t k\u1ef3 th\u1eafc m\u1eafc n\u00e0o:<br \/><strong>Villa S\u00f4ng Saigon<\/strong><br \/>197\/2 Nguy\u1ec5n V\u0103n H\u01b0\u1edfng, Ph\u01b0\u1eddng An Kh\u00e1nh, TP. H\u1ed3 Ch\u00ed Minh, Vi\u1ec7t Nam<br \/>Email: info@villasong.com<br \/>S\u1ed1 \u0111i\u1ec7n tho\u1ea1i: +84 28 3744 6090<\/p>\t\t\t\t\t\t\t\t<\/div>\n\t\t\t\t<\/div>\n\t\t\t\t<\/div>\n\t\t\t\t\t<\/div>\n\t\t\t\t<\/div>\n\t\t\t\t<\/div>","protected":false},"excerpt":{"rendered":"<p>Privacy Policy 1. Who We Are Villa Song Saigon (\u201cwe\u201d, \u201cus\u201d, \u201cour\u201d) respects your privacy and is committed to protecting your personal data in accordance with Vietnamese law and applicable international data protection standards. 2. What We Collect We may collect and process the following types of personal data: Name, contact information (email, phone) Booking [&hellip;]<\/p>","protected":false},"author":1,"featured_media":0,"parent":0,"menu_order":0,"comment_status":"closed","ping_status":"closed","template":"","meta":{"_acf_changed":false,"_eb_attr":"","inline_featured_image":false,"ngg_post_thumbnail":0,"footnotes":""},"class_list":["post-3","page","type-page","status-publish","hentry"],"acf":[],"yoast_head":"<!-- This site is optimized with the Yoast SEO plugin v26.4 - https:\/\/yoast.com\/wordpress\/plugins\/seo\/ -->\n<title>Privacy Policy - Villa S\u00f4ng<\/title>\n<meta name=\"robots\" content=\"index, follow, max-snippet:-1, max-image-preview:large, max-video-preview:-1\" \/>\n<link rel=\"canonical\" href=\"https:\/\/www.villasong.com\/vi\/privacy-policy\/\" \/>\n<meta property=\"og:locale\" content=\"vi_VN\" \/>\n<meta property=\"og:type\" content=\"article\" \/>\n<meta property=\"og:title\" content=\"Privacy Policy - Villa S\u00f4ng\" \/>\n<meta property=\"og:description\" content=\"Privacy Policy 1. Who We Are Villa Song Saigon (\u201cwe\u201d, \u201cus\u201d, \u201cour\u201d) respects your privacy and is committed to protecting your personal data in accordance with Vietnamese law and applicable international data protection standards. 2. What We Collect We may collect and process the following types of personal data: Name, contact information (email, phone) Booking [&hellip;]\" \/>\n<meta property=\"og:url\" content=\"https:\/\/www.villasong.com\/vi\/privacy-policy\/\" \/>\n<meta property=\"og:site_name\" content=\"Villa S\u00f4ng\" \/>\n<meta property=\"article:modified_time\" content=\"2025-10-02T04:04:58+00:00\" \/>\n<meta name=\"twitter:card\" content=\"summary_large_image\" \/>\n<meta name=\"twitter:label1\" content=\"\u01af\u1edbc t\u00ednh th\u1eddi gian \u0111\u1ecdc\" \/>\n\t<meta name=\"twitter:data1\" content=\"2 ph\u00fat\" \/>\n<script type=\"application\/ld+json\" class=\"yoast-schema-graph\">{\"@context\":\"https:\/\/schema.org\",\"@graph\":[{\"@type\":\"WebPage\",\"@id\":\"https:\/\/www.villasong.com\/privacy-policy\/\",\"url\":\"https:\/\/www.villasong.com\/privacy-policy\/\",\"name\":\"Privacy Policy - Villa S\u00f4ng\",\"isPartOf\":{\"@id\":\"https:\/\/www.villasong.com\/#website\"},\"datePublished\":\"2025-05-21T04:34:24+00:00\",\"dateModified\":\"2025-10-02T04:04:58+00:00\",\"breadcrumb\":{\"@id\":\"https:\/\/www.villasong.com\/privacy-policy\/#breadcrumb\"},\"inLanguage\":\"vi\",\"potentialAction\":[{\"@type\":\"ReadAction\",\"target\":[\"https:\/\/www.villasong.com\/privacy-policy\/\"]}]},{\"@type\":\"BreadcrumbList\",\"@id\":\"https:\/\/www.villasong.com\/privacy-policy\/#breadcrumb\",\"itemListElement\":[{\"@type\":\"ListItem\",\"position\":1,\"name\":\"Home\",\"item\":\"https:\/\/www.villasong.com\/\"},{\"@type\":\"ListItem\",\"position\":2,\"name\":\"Privacy Policy\"}]},{\"@type\":\"WebSite\",\"@id\":\"https:\/\/www.villasong.com\/#website\",\"url\":\"https:\/\/www.villasong.com\/\",\"name\":\"Villa S\u00f4ng\",\"description\":\"The hallmark of boutique luxury charm. Experience hospitality that transcends the ordinary \u2013 moving beyond conventional services to create tailor-made moments.\",\"publisher\":{\"@id\":\"https:\/\/www.villasong.com\/#organization\"},\"potentialAction\":[{\"@type\":\"SearchAction\",\"target\":{\"@type\":\"EntryPoint\",\"urlTemplate\":\"https:\/\/www.villasong.com\/?s={search_term_string}\"},\"query-input\":{\"@type\":\"PropertyValueSpecification\",\"valueRequired\":true,\"valueName\":\"search_term_string\"}}],\"inLanguage\":\"vi\"},{\"@type\":\"Organization\",\"@id\":\"https:\/\/www.villasong.com\/#organization\",\"name\":\"Villa S\u00f4ng\",\"url\":\"https:\/\/www.villasong.com\/\",\"logo\":{\"@type\":\"ImageObject\",\"inLanguage\":\"vi\",\"@id\":\"https:\/\/www.villasong.com\/#\/schema\/logo\/image\/\",\"url\":\"https:\/\/www.villasong.com\/wp-content\/uploads\/2025\/05\/logovillasong2.png\",\"contentUrl\":\"https:\/\/www.villasong.com\/wp-content\/uploads\/2025\/05\/logovillasong2.png\",\"width\":135,\"height\":84,\"caption\":\"Villa S\u00f4ng\"},\"image\":{\"@id\":\"https:\/\/www.villasong.com\/#\/schema\/logo\/image\/\"}}]}<\/script>\n<!-- \/ Yoast SEO plugin. -->","yoast_head_json":{"title":"Privacy Policy - Villa S\u00f4ng","robots":{"index":"index","follow":"follow","max-snippet":"max-snippet:-1","max-image-preview":"max-image-preview:large","max-video-preview":"max-video-preview:-1"},"canonical":"https:\/\/www.villasong.com\/vi\/privacy-policy\/","og_locale":"vi_VN","og_type":"article","og_title":"Privacy Policy - Villa S\u00f4ng","og_description":"Privacy Policy 1. Who We Are Villa Song Saigon (\u201cwe\u201d, \u201cus\u201d, \u201cour\u201d) respects your privacy and is committed to protecting your personal data in accordance with Vietnamese law and applicable international data protection standards. 2. What We Collect We may collect and process the following types of personal data: Name, contact information (email, phone) Booking [&hellip;]","og_url":"https:\/\/www.villasong.com\/vi\/privacy-policy\/","og_site_name":"Villa S\u00f4ng","article_modified_time":"2025-10-02T04:04:58+00:00","twitter_card":"summary_large_image","twitter_misc":{"\u01af\u1edbc t\u00ednh th\u1eddi gian \u0111\u1ecdc":"2 ph\u00fat"},"schema":{"@context":"https:\/\/schema.org","@graph":[{"@type":"WebPage","@id":"https:\/\/www.villasong.com\/privacy-policy\/","url":"https:\/\/www.villasong.com\/privacy-policy\/","name":"Privacy Policy - Villa S\u00f4ng","isPartOf":{"@id":"https:\/\/www.villasong.com\/#website"},"datePublished":"2025-05-21T04:34:24+00:00","dateModified":"2025-10-02T04:04:58+00:00","breadcrumb":{"@id":"https:\/\/www.villasong.com\/privacy-policy\/#breadcrumb"},"inLanguage":"vi","potentialAction":[{"@type":"ReadAction","target":["https:\/\/www.villasong.com\/privacy-policy\/"]}]},{"@type":"BreadcrumbList","@id":"https:\/\/www.villasong.com\/privacy-policy\/#breadcrumb","itemListElement":[{"@type":"ListItem","position":1,"name":"Home","item":"https:\/\/www.villasong.com\/"},{"@type":"ListItem","position":2,"name":"Privacy Policy"}]},{"@type":"WebSite","@id":"https:\/\/www.villasong.com\/#website","url":"https:\/\/www.villasong.com\/","name":"Villa S\u00f4ng","description":"The hallmark of boutique luxury charm. Experience hospitality that transcends the ordinary \u2013 moving beyond conventional services to create tailor-made moments.","publisher":{"@id":"https:\/\/www.villasong.com\/#organization"},"potentialAction":[{"@type":"SearchAction","target":{"@type":"EntryPoint","urlTemplate":"https:\/\/www.villasong.com\/?s={search_term_string}"},"query-input":{"@type":"PropertyValueSpecification","valueRequired":true,"valueName":"search_term_string"}}],"inLanguage":"vi"},{"@type":"Organization","@id":"https:\/\/www.villasong.com\/#organization","name":"Villa S\u00f4ng","url":"https:\/\/www.villasong.com\/","logo":{"@type":"ImageObject","inLanguage":"vi","@id":"https:\/\/www.villasong.com\/#\/schema\/logo\/image\/","url":"https:\/\/www.villasong.com\/wp-content\/uploads\/2025\/05\/logovillasong2.png","contentUrl":"https:\/\/www.villasong.com\/wp-content\/uploads\/2025\/05\/logovillasong2.png","width":135,"height":84,"caption":"Villa S\u00f4ng"},"image":{"@id":"https:\/\/www.villasong.com\/#\/schema\/logo\/image\/"}}]}},"meta_box":[],"_links":{"self":[{"href":"https:\/\/www.villasong.com\/vi\/wp-json\/wp\/v2\/pages\/3","targetHints":{"allow":["GET"]}}],"collection":[{"href":"https:\/\/www.villasong.com\/vi\/wp-json\/wp\/v2\/pages"}],"about":[{"href":"https:\/\/www.villasong.com\/vi\/wp-json\/wp\/v2\/types\/page"}],"author":[{"embeddable":true,"href":"https:\/\/www.villasong.com\/vi\/wp-json\/wp\/v2\/users\/1"}],"replies":[{"embeddable":true,"href":"https:\/\/www.villasong.com\/vi\/wp-json\/wp\/v2\/comments?post=3"}],"version-history":[{"count":13,"href":"https:\/\/www.villasong.com\/vi\/wp-json\/wp\/v2\/pages\/3\/revisions"}],"predecessor-version":[{"id":10777,"href":"https:\/\/www.villasong.com\/vi\/wp-json\/wp\/v2\/pages\/3\/revisions\/10777"}],"wp:attachment":[{"href":"https:\/\/www.villasong.com\/vi\/wp-json\/wp\/v2\/media?parent=3"}],"curies":[{"name":"wp","href":"https:\/\/api.w.org\/{rel}","templated":true}]}}