{"id":3582,"date":"2025-07-03T02:29:39","date_gmt":"2025-07-03T02:29:39","guid":{"rendered":"https:\/\/villasong.web.exnodes.vn\/?page_id=3582"},"modified":"2025-11-05T15:49:18","modified_gmt":"2025-11-05T08:49:18","slug":"contact","status":"publish","type":"page","link":"https:\/\/www.villasong.com\/vi\/contact\/","title":{"rendered":"Li\u00ean h\u1ec7"},"content":{"rendered":"<div data-elementor-type=\"wp-page\" data-elementor-id=\"3582\" class=\"elementor elementor-3582\" data-elementor-post-type=\"page\">\n\t\t\t\t<div class=\"elementor-element elementor-element-15aa4ad e-flex e-con-boxed e-con e-parent\" data-id=\"15aa4ad\" data-element_type=\"container\">\n\t\t\t\t\t<div class=\"e-con-inner\">\n\t\t<div class=\"elementor-element elementor-element-e273b7f e-con-full e-flex e-con e-child\" data-id=\"e273b7f\" data-element_type=\"container\">\n\t\t\t\t<div class=\"elementor-element elementor-element-f1992c8 elementor-widget elementor-widget-spacer\" data-id=\"f1992c8\" data-element_type=\"widget\" data-widget_type=\"spacer.default\">\n\t\t\t\t<div class=\"elementor-widget-container\">\n\t\t\t\t\t\t\t<div class=\"elementor-spacer\">\n\t\t\t<div class=\"elementor-spacer-inner\"><\/div>\n\t\t<\/div>\n\t\t\t\t\t\t<\/div>\n\t\t\t\t<\/div>\n\t\t\t\t<div class=\"elementor-element elementor-element-e512348 elementor-widget elementor-widget-global elementor-global-6663 elementor-widget-heading\" data-id=\"e512348\" data-element_type=\"widget\" data-widget_type=\"heading.default\">\n\t\t\t\t<div class=\"elementor-widget-container\">\n\t\t\t\t\t<h2 class=\"elementor-heading-title elementor-size-default\">\u0110\u1eb7t b\u00e0n<\/h2>\t\t\t\t<\/div>\n\t\t\t\t<\/div>\n\t\t\t\t<div class=\"elementor-element elementor-element-05304ff elementor-widget__width-initial elementor-widget elementor-widget-text-editor\" data-id=\"05304ff\" data-element_type=\"widget\" data-widget_type=\"text-editor.default\">\n\t\t\t\t<div class=\"elementor-widget-container\">\n\t\t\t\t\t\t\t\t\t<p>LI\u00caN H\u1ec6 V\u1edaI CH\u00daNG T\u00d4I<\/p>\t\t\t\t\t\t\t\t<\/div>\n\t\t\t\t<\/div>\n\t\t\t\t<div class=\"elementor-element elementor-element-40a2953 elementor-widget__width-initial elementor-widget elementor-widget-text-editor\" data-id=\"40a2953\" data-element_type=\"widget\" data-widget_type=\"text-editor.default\">\n\t\t\t\t<div class=\"elementor-widget-container\">\n\t\t\t\t\t\t\t\t\t<p>Ch\u00fang t\u00f4i lu\u00f4n s\u1eb5n s\u00e0ng gi\u00fap b\u1ea1n l\u00ean k\u1ebf ho\u1ea1ch cho k\u1ef3 ngh\u1ec9 ven s\u00f4ng ho\u00e0n h\u1ea3o. D\u00f9 b\u1ea1n \u0111ang t\u00ecm ki\u1ebfm m\u1ed9t k\u1ef3 ngh\u1ec9 y\u00ean b\u00ecnh, t\u1ed5 ch\u1ee9c s\u1ef1 ki\u1ec7n \u0111\u1eb7c bi\u1ec7t, hay \u0111\u01a1n gi\u1ea3n ch\u1ec9 mu\u1ed1n t\u00ecm hi\u1ec3u th\u00eam v\u1ec1 d\u1ecbch v\u1ee5, \u0111\u1ed9i ng\u0169 c\u1ee7a ch\u00fang t\u00f4i lu\u00f4n s\u1eb5n s\u00e0ng h\u1ed7 tr\u1ee3.<\/p>\t\t\t\t\t\t\t\t<\/div>\n\t\t\t\t<\/div>\n\t\t\t\t<div class=\"elementor-element elementor-element-aa18b04 elementor-widget elementor-widget-spacer\" data-id=\"aa18b04\" data-element_type=\"widget\" data-widget_type=\"spacer.default\">\n\t\t\t\t<div class=\"elementor-widget-container\">\n\t\t\t\t\t\t\t<div class=\"elementor-spacer\">\n\t\t\t<div class=\"elementor-spacer-inner\"><\/div>\n\t\t<\/div>\n\t\t\t\t\t\t<\/div>\n\t\t\t\t<\/div>\n\t\t\t\t<\/div>\n\t\t<div class=\"elementor-element elementor-element-c4ce17c e-con-full e-flex e-con e-child\" data-id=\"c4ce17c\" data-element_type=\"container\">\n\t\t<div class=\"elementor-element elementor-element-7ed9d3c e-con-full vss-contact-form e-flex e-con e-child\" data-id=\"7ed9d3c\" data-element_type=\"container\">\n\t\t\t\t<div class=\"elementor-element elementor-element-83ac357 elementor-widget elementor-widget-heading\" data-id=\"83ac357\" data-element_type=\"widget\" data-widget_type=\"heading.default\">\n\t\t\t\t<div class=\"elementor-widget-container\">\n\t\t\t\t\t<h3 class=\"elementor-heading-title elementor-size-default\">B\u1ea1n c\u00f3 c\u00e2u h\u1ecfi d\u00e0nh cho ch\u00fang t\u00f4i?<\/h3>\t\t\t\t<\/div>\n\t\t\t\t<\/div>\n\t\t\t\t<div class=\"elementor-element elementor-element-37bd1c9 elementor-widget elementor-widget-text-editor\" data-id=\"37bd1c9\" data-element_type=\"widget\" data-widget_type=\"text-editor.default\">\n\t\t\t\t<div class=\"elementor-widget-container\">\n\t\t\t\t\t\t\t\t\t<p>D\u00f9 l\u00e0 l\u00ean k\u1ebf ho\u1ea1ch \u0111\u1eb7t ph\u00f2ng, t\u1ed5 ch\u1ee9c s\u1ef1 ki\u1ec7n, hay t\u00ecm hi\u1ec3u v\u1ec1 d\u1ecbch v\u1ee5, ch\u00fang t\u00f4i lu\u00f4n s\u1eb5n l\u00f2ng gi\u00fap b\u1ea1n t\u1ea1o n\u00ean tr\u1ea3i nghi\u1ec7m Villa S\u00f4ng tr\u1ecdn v\u1eb9n.<\/p>\t\t\t\t\t\t\t\t<\/div>\n\t\t\t\t<\/div>\n\t\t\t\t<div class=\"elementor-element elementor-element-c2ff9b4 elementor-widget__width-initial elementor-button-align-stretch elementor-widget elementor-widget-form\" data-id=\"c2ff9b4\" data-element_type=\"widget\" data-settings=\"{&quot;step_next_label&quot;:&quot;Next&quot;,&quot;step_previous_label&quot;:&quot;Previous&quot;,&quot;button_width&quot;:&quot;100&quot;,&quot;step_type&quot;:&quot;number_text&quot;,&quot;step_icon_shape&quot;:&quot;circle&quot;}\" data-widget_type=\"form.default\">\n\t\t\t\t<div class=\"elementor-widget-container\">\n\t\t\t\t\t\t\t<form class=\"elementor-form\" method=\"post\" name=\"Contact Us\" action=\"\">\n\t\t\t<input type=\"hidden\" name=\"post_id\" value=\"3582\"\/>\n\t\t\t<input type=\"hidden\" name=\"form_id\" value=\"c2ff9b4\"\/>\n\t\t\t<input type=\"hidden\" name=\"referer_title\" value=\"Villa S\u00f4ng\" \/>\n\n\t\t\t\n\t\t\t<div class=\"elementor-form-fields-wrapper elementor-labels-above\">\n\t\t\t\t\t\t\t\t<div class=\"elementor-field-type-select elementor-field-group elementor-column elementor-field-group-request elementor-col-100\">\n\t\t\t\t\t\t\t\t\t\t\t\t<label for=\"form-field-request\" class=\"elementor-field-label\">\n\t\t\t\t\t\t\t\tY\u00eau c\u1ea7u c\u1ee7a b\u1ea1n\t\t\t\t\t\t\t<\/label>\n\t\t\t\t\t\t\t\t<div class=\"elementor-field elementor-select-wrapper remove-before\">\n\t\t\t<div class=\"select-caret-down-wrapper\">\n\t\t\t\t<svg aria-hidden=\"true\" class=\"e-font-icon-svg e-eicon-caret-down\" viewbox=\"0 0 571.4 571.4\" xmlns=\"http:\/\/www.w3.org\/2000\/svg\"><path d=\"M571 393Q571 407 561 418L311 668Q300 679 286 679T261 668L11 418Q0 407 0 393T11 368 36 357H536Q550 357 561 368T571 393Z\"><\/path><\/svg>\t\t\t<\/div>\n\t\t\t<select name=\"form_fields[request]\" id=\"form-field-request\" class=\"elementor-field-textual elementor-size-sm\">\n\t\t\t\t\t\t\t\t\t<option value=\"Make or Change a Reservation\">\u0110\u1eb7t m\u1edbi ho\u1eb7c thay \u0111\u1ed5i \u0111\u1eb7t ph\u00f2ng<\/option>\n\t\t\t\t\t\t\t\t\t<option value=\"Dining Inquiry\">Th\u1eafc m\u1eafc v\u1ec1 \u1ea9m th\u1ef1c<\/option>\n\t\t\t\t\t\t\t\t\t<option value=\"General Inquiry\">C\u00e2u h\u1ecfi chung<\/option>\n\t\t\t\t\t\t\t\t\t<option value=\"Guest Comments\/Feedback\">G\u00f3p \u00fd \/ Ph\u1ea3n h\u1ed3i t\u1eeb kh\u00e1ch<\/option>\n\t\t\t\t\t\t\t\t\t<option value=\"Media Inquiry\">Y\u00eau c\u1ea7u v\u1ec1 h\u00ecnh \u1ea3nh<\/option>\n\t\t\t\t\t\t\t\t\t<option value=\"Other\">Kh\u00e1c<\/option>\n\t\t\t\t\t\t\t<\/select>\n\t\t<\/div>\n\t\t\t\t\t\t<\/div>\n\t\t\t\t\t\t\t\t<div class=\"elementor-field-type-text elementor-field-group elementor-column elementor-field-group-name elementor-col-100 elementor-field-required elementor-mark-required\">\n\t\t\t\t\t\t\t\t\t\t\t\t<label for=\"form-field-name\" class=\"elementor-field-label\">\n\t\t\t\t\t\t\t\tH\u1ecd T\u00ean\t\t\t\t\t\t\t<\/label>\n\t\t\t\t\t\t\t\t\t\t\t\t\t\t<input size=\"1\" type=\"text\" name=\"form_fields[name]\" id=\"form-field-name\" class=\"elementor-field elementor-size-sm  elementor-field-textual\" placeholder=\"Nh\u1eadp \u0111\u1ea7y \u0111\u1ee7 h\u1ecd t\u00ean c\u1ee7a b\u1ea1n\" required=\"required\" aria-required=\"true\">\n\t\t\t\t\t\t\t\t\t\t\t<\/div>\n\t\t\t\t\t\t\t\t<div class=\"elementor-field-type-email elementor-field-group elementor-column elementor-field-group-email elementor-col-100 elementor-field-required elementor-mark-required\">\n\t\t\t\t\t\t\t\t\t\t\t\t<label for=\"form-field-email\" class=\"elementor-field-label\">\n\t\t\t\t\t\t\t\t\u0110\u1ecba ch\u1ec9 Email\t\t\t\t\t\t\t<\/label>\n\t\t\t\t\t\t\t\t\t\t\t\t\t\t<input size=\"1\" type=\"email\" name=\"form_fields[email]\" id=\"form-field-email\" class=\"elementor-field elementor-size-sm  elementor-field-textual\" placeholder=\"Nh\u1eadp \u0111\u1ecba ch\u1ec9 email c\u1ee7a b\u1ea1n\" required=\"required\" aria-required=\"true\">\n\t\t\t\t\t\t\t\t\t\t\t<\/div>\n\t\t\t\t\t\t\t\t<div class=\"elementor-field-type-tel elementor-field-group elementor-column elementor-field-group-phone_number elementor-col-100\">\n\t\t\t\t\t\t\t\t\t\t\t\t<label for=\"form-field-phone_number\" class=\"elementor-field-label\">\n\t\t\t\t\t\t\t\tS\u1ed1 \u0110i\u1ec7n Tho\u1ea1i (Kh\u00f4ng b\u1eaft bu\u1ed9c)\t\t\t\t\t\t\t<\/label>\n\t\t\t\t\t\t\t\t<input size=\"1\" type=\"tel\" name=\"form_fields[phone_number]\" id=\"form-field-phone_number\" class=\"elementor-field elementor-size-sm  elementor-field-textual\" placeholder=\"Nh\u1eadp s\u1ed1 \u0111i\u1ec7n tho\u1ea1i c\u1ee7a b\u1ea1n\" pattern=\"[0-9()#&amp;+*-=.]+\" title=\"Only numbers and phone characters (#, -, *, etc) are accepted.\">\n\n\t\t\t\t\t\t<\/div>\n\t\t\t\t\t\t\t\t<div class=\"elementor-field-type-textarea elementor-field-group elementor-column elementor-field-group-message elementor-col-100 elementor-field-required elementor-mark-required\">\n\t\t\t\t\t\t\t\t\t\t\t\t<label for=\"form-field-message\" class=\"elementor-field-label\">\n\t\t\t\t\t\t\t\tTin Nh\u1eafn \/ Y\u00eau C\u1ea7u\t\t\t\t\t\t\t<\/label>\n\t\t\t\t\t\t<textarea class=\"elementor-field-textual elementor-field  elementor-size-sm\" name=\"form_fields[message]\" id=\"form-field-message\" rows=\"6\" placeholder=\"H\u00e3y cho ch\u00fang t\u00f4i bi\u1ebft v\u1ec1 y\u00eau c\u1ea7u c\u1ee7a b\u1ea1n\" required=\"required\" aria-required=\"true\"><\/textarea>\t\t\t\t<\/div>\n\t\t\t\t\t\t\t\t<div class=\"elementor-field-type-recaptcha_v3 elementor-field-group elementor-column elementor-field-group-field_5cbbcea elementor-col-100 recaptcha_v3-bottomright\">\n\t\t\t\t\t<div class=\"elementor-field\" id=\"form-field-field_5cbbcea\"><div class=\"elementor-g-recaptcha\" data-sitekey=\"6LfeAwMsAAAAAENfy8GrrvAwR03UNA1azoFZSQaA\" data-type=\"v3\" data-action=\"Form\" data-badge=\"bottomright\" data-size=\"invisible\"><\/div><\/div>\t\t\t\t<\/div>\n\t\t\t\t\t\t\t\t<div class=\"elementor-field-group elementor-column elementor-field-type-submit elementor-col-100 e-form__buttons\">\n\t\t\t\t\t<button class=\"elementor-button elementor-size-sm\" type=\"submit\">\n\t\t\t\t\t\t<span class=\"elementor-button-content-wrapper\">\n\t\t\t\t\t\t\t\t\t\t\t\t\t\t\t<span class=\"elementor-button-icon\">\n\t\t\t\t\t\t\t\t\t<svg aria-hidden=\"true\" class=\"e-font-icon-svg e-fas-paper-plane\" viewbox=\"0 0 512 512\" xmlns=\"http:\/\/www.w3.org\/2000\/svg\"><path d=\"M476 3.2L12.5 270.6c-18.1 10.4-15.8 35.6 2.2 43.2L121 358.4l287.3-253.2c5.5-4.9 13.3 2.6 8.6 8.3L176 407v80.5c0 23.6 28.5 32.9 42.5 15.8L282 426l124.6 52.2c14.2 6 30.4-2.9 33-18.2l72-432C515 7.8 493.3-6.8 476 3.2z\"><\/path><\/svg>\t\t\t\t\t\t\t\t\t\t\t\t\t\t\t\t\t<\/span>\n\t\t\t\t\t\t\t\t\t\t\t\t\t\t\t\t\t\t\t\t\t\t<span class=\"elementor-button-text\">G\u1eedi<\/span>\n\t\t\t\t\t\t\t\t\t\t\t\t\t<\/span>\n\t\t\t\t\t<\/button>\n\t\t\t\t<\/div>\n\t\t\t<\/div>\n\t\t<input type=\"hidden\" name=\"trp-form-language\" value=\"vi\"\/><\/form>\n\t\t\t\t\t\t<\/div>\n\t\t\t\t<\/div>\n\t\t\t\t<div class=\"elementor-element elementor-element-17be9c3 elementor-widget elementor-widget-html\" data-id=\"17be9c3\" data-element_type=\"widget\" data-widget_type=\"html.default\">\n\t\t\t\t<div class=\"elementor-widget-container\">\n\t\t\t\t\t<script>\r\ndocument.addEventListener('DOMContentLoaded', function () {\r\n    \/\/ Ch\u1ecdn t\u1ea5t c\u1ea3 c\u00e1c input type=\"tel\" trong form\r\n    const telInputs = document.querySelectorAll('input[type=\"tel\"]');\r\n\r\n    telInputs.forEach(function(input) {\r\n        \/\/ Ch\u1ec9 cho nh\u1eadp s\u1ed1\r\n        input.addEventListener('input', function() {\r\n            this.value = this.value.replace(\/\\D\/g, ''); \/\/ X\u00f3a k\u00fd t\u1ef1 kh\u00f4ng ph\u1ea3i s\u1ed1\r\n            if (this.value.length > 10) {\r\n                this.value = this.value.slice(0, 10); \/\/ C\u1eaft c\u00f2n 10 k\u00fd t\u1ef1\r\n            }\r\n        });\r\n\r\n        \/\/ Kh\u00f4ng cho d\u00e1n nhi\u1ec1u h\u01a1n 10 s\u1ed1\r\n        input.addEventListener('paste', function(e) {\r\n            e.preventDefault();\r\n            let paste = (e.clipboardData || window.clipboardData).getData('text');\r\n            paste = paste.replace(\/\\D\/g, '').slice(0, 10);\r\n            this.value = paste;\r\n        });\r\n    });\r\n});\r\n<\/script>\r\n\t\t\t\t<\/div>\n\t\t\t\t<\/div>\n\t\t\t\t<\/div>\n\t\t<div class=\"elementor-element elementor-element-4d606aa e-con-full e-flex e-con e-child\" data-id=\"4d606aa\" data-element_type=\"container\">\n\t\t\t\t<div class=\"elementor-element elementor-element-5f3eb33 elementor-widget elementor-widget-heading\" data-id=\"5f3eb33\" data-element_type=\"widget\" data-widget_type=\"heading.default\">\n\t\t\t\t<div class=\"elementor-widget-container\">\n\t\t\t\t\t<h3 class=\"elementor-heading-title elementor-size-default\">K\u1ebft n\u1ed1i v\u1edbi ch\u00fang t\u00f4i<\/h3>\t\t\t\t<\/div>\n\t\t\t\t<\/div>\n\t\t\t\t<div class=\"elementor-element elementor-element-69e2cc7 elementor-widget elementor-widget-text-editor\" data-id=\"69e2cc7\" data-element_type=\"widget\" data-widget_type=\"text-editor.default\">\n\t\t\t\t<div class=\"elementor-widget-container\">\n\t\t\t\t\t\t\t\t\t<p>H\u00e3y li\u00ean h\u1ec7 v\u1edbi ch\u00fang t\u00f4i qua b\u1ea5t k\u1ef3 k\u00eanh n\u00e0o v\u00e0 ch\u00fang t\u00f4i lu\u00f4n s\u1eb5n l\u00f2ng mang \u0111\u1ebfn tr\u1ea3i nghi\u1ec7m t\u1ed1t nh\u1ea5t.<\/p>\t\t\t\t\t\t\t\t<\/div>\n\t\t\t\t<\/div>\n\t\t\t\t<div class=\"elementor-element elementor-element-cb9cb0a ctus-list_icon elementor-icon-list--layout-traditional elementor-list-item-link-full_width elementor-widget elementor-widget-icon-list\" data-id=\"cb9cb0a\" data-element_type=\"widget\" data-widget_type=\"icon-list.default\">\n\t\t\t\t<div class=\"elementor-widget-container\">\n\t\t\t\t\t\t\t<ul class=\"elementor-icon-list-items\">\n\t\t\t\t\t\t\t<li class=\"elementor-icon-list-item\">\n\t\t\t\t\t\t\t\t\t\t\t<span class=\"elementor-icon-list-icon\">\n\t\t\t\t\t\t\t<svg aria-hidden=\"true\" class=\"e-font-icon-svg e-fas-envelope\" viewbox=\"0 0 512 512\" xmlns=\"http:\/\/www.w3.org\/2000\/svg\"><path d=\"M502.3 190.8c3.9-3.1 9.7-.2 9.7 4.7V400c0 26.5-21.5 48-48 48H48c-26.5 0-48-21.5-48-48V195.6c0-5 5.7-7.8 9.7-4.7 22.4 17.4 52.1 39.5 154.1 113.6 21.1 15.4 56.7 47.8 92.2 47.6 35.7.3 72-32.8 92.3-47.6 102-74.1 131.6-96.3 154-113.7zM256 320c23.2.4 56.6-29.2 73.4-41.4 132.7-96.3 142.8-104.7 173.4-128.7 5.8-4.5 9.2-11.5 9.2-18.9v-19c0-26.5-21.5-48-48-48H48C21.5 64 0 85.5 0 112v19c0 7.4 3.4 14.3 9.2 18.9 30.6 23.9 40.7 32.4 173.4 128.7 16.8 12.2 50.2 41.8 73.4 41.4z\"><\/path><\/svg>\t\t\t\t\t\t<\/span>\n\t\t\t\t\t\t\t\t\t\t<span class=\"elementor-icon-list-text\">\u0110\u1ecba ch\u1ec9 email <br \/><a href=\"mailto:info@villasong.com\">info@villasong.com<\/a><\/span>\n\t\t\t\t\t\t\t\t\t<\/li>\n\t\t\t\t\t\t\t\t<li class=\"elementor-icon-list-item\">\n\t\t\t\t\t\t\t\t\t\t\t<span class=\"elementor-icon-list-icon\">\n\t\t\t\t\t\t\t<svg aria-hidden=\"true\" class=\"e-font-icon-svg e-fas-phone-alt\" viewbox=\"0 0 512 512\" xmlns=\"http:\/\/www.w3.org\/2000\/svg\"><path d=\"M497.39 361.8l-112-48a24 24 0 0 0-28 6.9l-49.6 60.6A370.66 370.66 0 0 1 130.6 204.11l60.6-49.6a23.94 23.94 0 0 0 6.9-28l-48-112A24.16 24.16 0 0 0 122.6.61l-104 24A24 24 0 0 0 0 48c0 256.5 207.9 464 464 464a24 24 0 0 0 23.4-18.6l24-104a24.29 24.29 0 0 0-14.01-27.6z\"><\/path><\/svg>\t\t\t\t\t\t<\/span>\n\t\t\t\t\t\t\t\t\t\t<span class=\"elementor-icon-list-text\">S\u1ed1 \u0111i\u1ec7n tho\u1ea1i <br \/> <a href=\"tel:+84 28 3744 6090\">+84 28 3744 6090<\/a><\/span>\n\t\t\t\t\t\t\t\t\t<\/li>\n\t\t\t\t\t\t\t\t<li class=\"elementor-icon-list-item\">\n\t\t\t\t\t\t\t\t\t\t\t<a href=\"https:\/\/www.google.com\/maps\/place\/197%2F2+Nguy%E1%BB%85n+V%C4%83n+H%C6%B0%E1%BB%9Fng,+Th%E1%BA%A3o+%C4%90i%E1%BB%81n,+Th%E1%BB%A7+%C4%90%E1%BB%A9c,+H%E1%BB%93+Ch%C3%AD+Minh+700000,+Vietnam\/@10.815886,106.7310117,17z\/data=!3m1!4b1!4m6!3m5!1s0x3175262494d4e4bd:0xbf3089e3f165b933!8m2!3d10.815886!4d106.7335866!16s%2Fg%2F11q4vdyb2k?entry=ttu&#038;g_ep=EgoyMDI1MDgxMy4wIKXMDSoASAFQAw%3D%3D\" target=\"_blank\">\n\n\t\t\t\t\t\t\t\t\t\t\t\t<span class=\"elementor-icon-list-icon\">\n\t\t\t\t\t\t\t<svg aria-hidden=\"true\" class=\"e-font-icon-svg e-fas-map-marker-alt\" viewbox=\"0 0 384 512\" xmlns=\"http:\/\/www.w3.org\/2000\/svg\"><path d=\"M172.268 501.67C26.97 291.031 0 269.413 0 192 0 85.961 85.961 0 192 0s192 85.961 192 192c0 77.413-26.97 99.031-172.268 309.67-9.535 13.774-29.93 13.773-39.464 0zM192 272c44.183 0 80-35.817 80-80s-35.817-80-80-80-80 35.817-80 80 35.817 80 80 80z\"><\/path><\/svg>\t\t\t\t\t\t<\/span>\n\t\t\t\t\t\t\t\t\t\t<span class=\"elementor-icon-list-text\">\u0110\u1ecba Ch\u1ec9<br \/>197\/2 Nguy\u1ec5n V\u0103n H\u01b0\u1edfng, Ph\u01b0\u1eddng An Kh\u00e1nh, Th\u00e0nh ph\u1ed1 H\u1ed3 Ch\u00ed Minh, Vi\u1ec7t Nam<\/span>\n\t\t\t\t\t\t\t\t\t\t\t<\/a>\n\t\t\t\t\t\t\t\t\t<\/li>\n\t\t\t\t\t\t<\/ul>\n\t\t\t\t\t\t<\/div>\n\t\t\t\t<\/div>\n\t\t\t\t<\/div>\n\t\t\t\t<\/div>\n\t\t\t\t<div class=\"elementor-element elementor-element-6743d09 elementor-widget elementor-widget-spacer\" data-id=\"6743d09\" data-element_type=\"widget\" data-widget_type=\"spacer.default\">\n\t\t\t\t<div class=\"elementor-widget-container\">\n\t\t\t\t\t\t\t<div class=\"elementor-spacer\">\n\t\t\t<div class=\"elementor-spacer-inner\"><\/div>\n\t\t<\/div>\n\t\t\t\t\t\t<\/div>\n\t\t\t\t<\/div>\n\t\t\t\t\t<\/div>\n\t\t\t\t<\/div>\n\t\t\t\t<\/div>","protected":false},"excerpt":{"rendered":"<p>Reserve Your Table CONTACT US We&#8217;re here to help you plan your perfect riverside stay. Whether you&#8217;re seeking a tranquil getaway, organizing a special event, or simply have questions about our services, our team is ready to assist you. Have a question for us? Whether you&#8217;re planning a stay, organizing an event, or simply have [&hellip;]<\/p>","protected":false},"author":1,"featured_media":0,"parent":0,"menu_order":0,"comment_status":"closed","ping_status":"closed","template":"elementor_header_footer","meta":{"_acf_changed":false,"_eb_attr":"","inline_featured_image":false,"ngg_post_thumbnail":0,"footnotes":""},"class_list":["post-3582","page","type-page","status-publish","hentry"],"acf":[],"yoast_head":"<!-- This site is optimized with the Yoast SEO plugin v26.4 - https:\/\/yoast.com\/wordpress\/plugins\/seo\/ -->\n<title>Contact - Villa S\u00f4ng<\/title>\n<meta name=\"robots\" content=\"index, follow, max-snippet:-1, max-image-preview:large, max-video-preview:-1\" \/>\n<link rel=\"canonical\" href=\"https:\/\/www.villasong.com\/vi\/contact\/\" \/>\n<meta property=\"og:locale\" content=\"vi_VN\" \/>\n<meta property=\"og:type\" content=\"article\" \/>\n<meta property=\"og:title\" content=\"Contact - Villa S\u00f4ng\" \/>\n<meta property=\"og:description\" content=\"Reserve Your Table CONTACT US We&#8217;re here to help you plan your perfect riverside stay. Whether you&#8217;re seeking a tranquil getaway, organizing a special event, or simply have questions about our services, our team is ready to assist you. Have a question for us? Whether you&#8217;re planning a stay, organizing an event, or simply have [&hellip;]\" \/>\n<meta property=\"og:url\" content=\"https:\/\/www.villasong.com\/vi\/contact\/\" \/>\n<meta property=\"og:site_name\" content=\"Villa S\u00f4ng\" \/>\n<meta property=\"article:modified_time\" content=\"2025-11-05T08:49:18+00:00\" \/>\n<meta name=\"twitter:card\" content=\"summary_large_image\" \/>\n<meta name=\"twitter:label1\" content=\"\u01af\u1edbc t\u00ednh th\u1eddi gian \u0111\u1ecdc\" \/>\n\t<meta name=\"twitter:data1\" content=\"1 ph\u00fat\" \/>\n<script type=\"application\/ld+json\" class=\"yoast-schema-graph\">{\"@context\":\"https:\/\/schema.org\",\"@graph\":[{\"@type\":\"WebPage\",\"@id\":\"https:\/\/www.villasong.com\/contact\/\",\"url\":\"https:\/\/www.villasong.com\/contact\/\",\"name\":\"Contact - Villa S\u00f4ng\",\"isPartOf\":{\"@id\":\"https:\/\/www.villasong.com\/#website\"},\"datePublished\":\"2025-07-03T02:29:39+00:00\",\"dateModified\":\"2025-11-05T08:49:18+00:00\",\"breadcrumb\":{\"@id\":\"https:\/\/www.villasong.com\/contact\/#breadcrumb\"},\"inLanguage\":\"vi\",\"potentialAction\":[{\"@type\":\"ReadAction\",\"target\":[\"https:\/\/www.villasong.com\/contact\/\"]}]},{\"@type\":\"BreadcrumbList\",\"@id\":\"https:\/\/www.villasong.com\/contact\/#breadcrumb\",\"itemListElement\":[{\"@type\":\"ListItem\",\"position\":1,\"name\":\"Home\",\"item\":\"https:\/\/www.villasong.com\/\"},{\"@type\":\"ListItem\",\"position\":2,\"name\":\"Contact\"}]},{\"@type\":\"WebSite\",\"@id\":\"https:\/\/www.villasong.com\/#website\",\"url\":\"https:\/\/www.villasong.com\/\",\"name\":\"Villa S\u00f4ng\",\"description\":\"The hallmark of boutique luxury charm. Experience hospitality that transcends the ordinary \u2013 moving beyond conventional services to create tailor-made moments.\",\"publisher\":{\"@id\":\"https:\/\/www.villasong.com\/#organization\"},\"potentialAction\":[{\"@type\":\"SearchAction\",\"target\":{\"@type\":\"EntryPoint\",\"urlTemplate\":\"https:\/\/www.villasong.com\/?s={search_term_string}\"},\"query-input\":{\"@type\":\"PropertyValueSpecification\",\"valueRequired\":true,\"valueName\":\"search_term_string\"}}],\"inLanguage\":\"vi\"},{\"@type\":\"Organization\",\"@id\":\"https:\/\/www.villasong.com\/#organization\",\"name\":\"Villa S\u00f4ng\",\"url\":\"https:\/\/www.villasong.com\/\",\"logo\":{\"@type\":\"ImageObject\",\"inLanguage\":\"vi\",\"@id\":\"https:\/\/www.villasong.com\/#\/schema\/logo\/image\/\",\"url\":\"https:\/\/www.villasong.com\/wp-content\/uploads\/2025\/05\/logovillasong2.png\",\"contentUrl\":\"https:\/\/www.villasong.com\/wp-content\/uploads\/2025\/05\/logovillasong2.png\",\"width\":135,\"height\":84,\"caption\":\"Villa S\u00f4ng\"},\"image\":{\"@id\":\"https:\/\/www.villasong.com\/#\/schema\/logo\/image\/\"}}]}<\/script>\n<!-- \/ Yoast SEO plugin. -->","yoast_head_json":{"title":"Contact - Villa S\u00f4ng","robots":{"index":"index","follow":"follow","max-snippet":"max-snippet:-1","max-image-preview":"max-image-preview:large","max-video-preview":"max-video-preview:-1"},"canonical":"https:\/\/www.villasong.com\/vi\/contact\/","og_locale":"vi_VN","og_type":"article","og_title":"Contact - Villa S\u00f4ng","og_description":"Reserve Your Table CONTACT US We&#8217;re here to help you plan your perfect riverside stay. Whether you&#8217;re seeking a tranquil getaway, organizing a special event, or simply have questions about our services, our team is ready to assist you. Have a question for us? Whether you&#8217;re planning a stay, organizing an event, or simply have [&hellip;]","og_url":"https:\/\/www.villasong.com\/vi\/contact\/","og_site_name":"Villa S\u00f4ng","article_modified_time":"2025-11-05T08:49:18+00:00","twitter_card":"summary_large_image","twitter_misc":{"\u01af\u1edbc t\u00ednh th\u1eddi gian \u0111\u1ecdc":"1 ph\u00fat"},"schema":{"@context":"https:\/\/schema.org","@graph":[{"@type":"WebPage","@id":"https:\/\/www.villasong.com\/contact\/","url":"https:\/\/www.villasong.com\/contact\/","name":"Contact - Villa S\u00f4ng","isPartOf":{"@id":"https:\/\/www.villasong.com\/#website"},"datePublished":"2025-07-03T02:29:39+00:00","dateModified":"2025-11-05T08:49:18+00:00","breadcrumb":{"@id":"https:\/\/www.villasong.com\/contact\/#breadcrumb"},"inLanguage":"vi","potentialAction":[{"@type":"ReadAction","target":["https:\/\/www.villasong.com\/contact\/"]}]},{"@type":"BreadcrumbList","@id":"https:\/\/www.villasong.com\/contact\/#breadcrumb","itemListElement":[{"@type":"ListItem","position":1,"name":"Home","item":"https:\/\/www.villasong.com\/"},{"@type":"ListItem","position":2,"name":"Contact"}]},{"@type":"WebSite","@id":"https:\/\/www.villasong.com\/#website","url":"https:\/\/www.villasong.com\/","name":"Villa S\u00f4ng","description":"The hallmark of boutique luxury charm. Experience hospitality that transcends the ordinary \u2013 moving beyond conventional services to create tailor-made moments.","publisher":{"@id":"https:\/\/www.villasong.com\/#organization"},"potentialAction":[{"@type":"SearchAction","target":{"@type":"EntryPoint","urlTemplate":"https:\/\/www.villasong.com\/?s={search_term_string}"},"query-input":{"@type":"PropertyValueSpecification","valueRequired":true,"valueName":"search_term_string"}}],"inLanguage":"vi"},{"@type":"Organization","@id":"https:\/\/www.villasong.com\/#organization","name":"Villa S\u00f4ng","url":"https:\/\/www.villasong.com\/","logo":{"@type":"ImageObject","inLanguage":"vi","@id":"https:\/\/www.villasong.com\/#\/schema\/logo\/image\/","url":"https:\/\/www.villasong.com\/wp-content\/uploads\/2025\/05\/logovillasong2.png","contentUrl":"https:\/\/www.villasong.com\/wp-content\/uploads\/2025\/05\/logovillasong2.png","width":135,"height":84,"caption":"Villa S\u00f4ng"},"image":{"@id":"https:\/\/www.villasong.com\/#\/schema\/logo\/image\/"}}]}},"meta_box":[],"_links":{"self":[{"href":"https:\/\/www.villasong.com\/vi\/wp-json\/wp\/v2\/pages\/3582","targetHints":{"allow":["GET"]}}],"collection":[{"href":"https:\/\/www.villasong.com\/vi\/wp-json\/wp\/v2\/pages"}],"about":[{"href":"https:\/\/www.villasong.com\/vi\/wp-json\/wp\/v2\/types\/page"}],"author":[{"embeddable":true,"href":"https:\/\/www.villasong.com\/vi\/wp-json\/wp\/v2\/users\/1"}],"replies":[{"embeddable":true,"href":"https:\/\/www.villasong.com\/vi\/wp-json\/wp\/v2\/comments?post=3582"}],"version-history":[{"count":179,"href":"https:\/\/www.villasong.com\/vi\/wp-json\/wp\/v2\/pages\/3582\/revisions"}],"predecessor-version":[{"id":11504,"href":"https:\/\/www.villasong.com\/vi\/wp-json\/wp\/v2\/pages\/3582\/revisions\/11504"}],"wp:attachment":[{"href":"https:\/\/www.villasong.com\/vi\/wp-json\/wp\/v2\/media?parent=3582"}],"curies":[{"name":"wp","href":"https:\/\/api.w.org\/{rel}","templated":true}]}}