{"id":374,"date":"2025-05-26T08:22:52","date_gmt":"2025-05-26T08:22:52","guid":{"rendered":"https:\/\/villasong.web.exnodes.vn\/?page_id=374"},"modified":"2025-09-30T14:35:09","modified_gmt":"2025-09-30T07:35:09","slug":"terms-conditions","status":"publish","type":"page","link":"https:\/\/www.villasong.com\/vi\/terms-conditions\/","title":{"rendered":"\u0110i\u1ec1u kho\u1ea3n &amp; \u0110i\u1ec1u ki\u1ec7n"},"content":{"rendered":"<div data-elementor-type=\"wp-page\" data-elementor-id=\"374\" class=\"elementor elementor-374\" data-elementor-post-type=\"page\">\n\t\t\t\t<div class=\"elementor-element elementor-element-0139279 e-flex e-con-boxed e-con e-parent\" data-id=\"0139279\" data-element_type=\"container\">\n\t\t\t\t\t<div class=\"e-con-inner\">\n\t\t\t\t<div class=\"elementor-element elementor-element-d78dc3e elementor-widget elementor-widget-spacer\" data-id=\"d78dc3e\" data-element_type=\"widget\" data-widget_type=\"spacer.default\">\n\t\t\t\t<div class=\"elementor-widget-container\">\n\t\t\t\t\t\t\t<div class=\"elementor-spacer\">\n\t\t\t<div class=\"elementor-spacer-inner\"><\/div>\n\t\t<\/div>\n\t\t\t\t\t\t<\/div>\n\t\t\t\t<\/div>\n\t\t\t\t<div class=\"elementor-element elementor-element-6122d11 elementor-widget elementor-widget-heading\" data-id=\"6122d11\" data-element_type=\"widget\" data-widget_type=\"heading.default\">\n\t\t\t\t<div class=\"elementor-widget-container\">\n\t\t\t\t\t<h2 class=\"elementor-heading-title elementor-size-default\">\u0110i\u1ec1u kho\u1ea3n &amp; \u0110i\u1ec1u ki\u1ec7n<\/h2>\t\t\t\t<\/div>\n\t\t\t\t<\/div>\n\t\t<div class=\"elementor-element elementor-element-0097413 e-con-full e-flex e-con e-child\" data-id=\"0097413\" data-element_type=\"container\">\n\t\t\t\t<div class=\"elementor-element elementor-element-59cfa84 elementor-widget elementor-widget-heading\" data-id=\"59cfa84\" data-element_type=\"widget\" data-widget_type=\"heading.default\">\n\t\t\t\t<div class=\"elementor-widget-container\">\n\t\t\t\t\t<h2 class=\"elementor-heading-title elementor-size-default\">1. Ch\u1ea5p nh\u1eadn \u0111i\u1ec1u kho\u1ea3n<\/h2>\t\t\t\t<\/div>\n\t\t\t\t<\/div>\n\t\t\t\t<div class=\"elementor-element elementor-element-18d3387 elementor-widget elementor-widget-text-editor\" data-id=\"18d3387\" data-element_type=\"widget\" data-widget_type=\"text-editor.default\">\n\t\t\t\t<div class=\"elementor-widget-container\">\n\t\t\t\t\t\t\t\t\t<p>Khi truy c\u1eadp v\u00e0o website n\u00e0y ho\u1eb7c s\u1eed d\u1ee5ng d\u1ecbch v\u1ee5 c\u1ee7a ch\u00fang t\u00f4i, b\u1ea1n \u0111\u1ed3ng \u00fd b\u1ecb r\u00e0ng bu\u1ed9c b\u1edfi c\u00e1c \u0110i\u1ec1u kho\u1ea3n &amp; \u0110i\u1ec1u ki\u1ec7n c\u0169ng nh\u01b0 Ch\u00ednh s\u00e1ch B\u1ea3o m\u1eadt c\u1ee7a Villa S\u00f4ng S\u00e0i G\u00f2n. N\u1ebfu b\u1ea1n kh\u00f4ng \u0111\u1ed3ng \u00fd v\u1edbi c\u00e1c \u0111i\u1ec1u kho\u1ea3n n\u00e0y, vui l\u00f2ng ng\u1eebng s\u1eed d\u1ee5ng website.<\/p>\t\t\t\t\t\t\t\t<\/div>\n\t\t\t\t<\/div>\n\t\t\t\t<div class=\"elementor-element elementor-element-c832c09 elementor-widget elementor-widget-heading\" data-id=\"c832c09\" data-element_type=\"widget\" data-widget_type=\"heading.default\">\n\t\t\t\t<div class=\"elementor-widget-container\">\n\t\t\t\t\t<h2 class=\"elementor-heading-title elementor-size-default\">2. Bookings &amp; Payment<\/h2>\t\t\t\t<\/div>\n\t\t\t\t<\/div>\n\t\t\t\t<div class=\"elementor-element elementor-element-15425fd elementor-widget elementor-widget-text-editor\" data-id=\"15425fd\" data-element_type=\"widget\" data-widget_type=\"text-editor.default\">\n\t\t\t\t<div class=\"elementor-widget-container\">\n\t\t\t\t\t\t\t\t\t<p>\u0110\u1eb7t ph\u00f2ng qua website n\u00e0y ch\u1ec9 \u0111\u01b0\u1ee3c x\u00e1c nh\u1eadn khi b\u1ea1n nh\u1eadn \u0111\u01b0\u1ee3c email x\u00e1c nh\u1eadn ch\u00ednh th\u1ee9c t\u1eeb Villa S\u00f4ng S\u00e0i G\u00f2n.<br \/>M\u1ed9t s\u1ed1 \u0111\u1eb7t ph\u00f2ng c\u00f3 th\u1ec3 y\u00eau c\u1ea7u thanh to\u00e1n tr\u01b0\u1edbc ho\u1eb7c cung c\u1ea5p th\u00f4ng tin th\u1ebb t\u00edn d\u1ee5ng h\u1ee3p l\u1ec7 \u0111\u1ec3 \u0111\u1ea3m b\u1ea3o k\u1ef3 l\u01b0u tr\u00fa c\u1ee7a b\u1ea1n.<\/p>\t\t\t\t\t\t\t\t<\/div>\n\t\t\t\t<\/div>\n\t\t\t\t<div class=\"elementor-element elementor-element-fc011f9 elementor-widget elementor-widget-heading\" data-id=\"fc011f9\" data-element_type=\"widget\" data-widget_type=\"heading.default\">\n\t\t\t\t<div class=\"elementor-widget-container\">\n\t\t\t\t\t<h2 class=\"elementor-heading-title elementor-size-default\">3. Cancellations &amp; Refunds<\/h2>\t\t\t\t<\/div>\n\t\t\t\t<\/div>\n\t\t\t\t<div class=\"elementor-element elementor-element-ba549c2 elementor-widget elementor-widget-text-editor\" data-id=\"ba549c2\" data-element_type=\"widget\" data-widget_type=\"text-editor.default\">\n\t\t\t\t<div class=\"elementor-widget-container\">\n\t\t\t\t\t\t\t\t\t<p>Ch\u00ednh s\u00e1ch h\u1ee7y ph\u00f2ng kh\u00e1c nhau t\u00f9y theo lo\u1ea1i ph\u00f2ng, g\u00f3i gi\u00e1 v\u00e0 k\u00eanh \u0111\u1eb7t ph\u00f2ng.<br \/>Th\u00f4ng tin chi ti\u1ebft s\u1ebd \u0111\u01b0\u1ee3c cung c\u1ea5p trong qu\u00e1 tr\u00ecnh \u0111\u1eb7t ph\u00f2ng v\u00e0 trong email x\u00e1c nh\u1eadn c\u1ee7a b\u1ea1n.<br \/>Vui l\u00f2ng xem x\u00e9t k\u1ef9 c\u00e1c \u0111i\u1ec1u kho\u1ea3n tr\u01b0\u1edbc khi x\u00e1c nh\u1eadn \u0111\u1eb7t ph\u00f2ng.<\/p>\t\t\t\t\t\t\t\t<\/div>\n\t\t\t\t<\/div>\n\t\t\t\t<div class=\"elementor-element elementor-element-7bde825 elementor-widget elementor-widget-heading\" data-id=\"7bde825\" data-element_type=\"widget\" data-widget_type=\"heading.default\">\n\t\t\t\t<div class=\"elementor-widget-container\">\n\t\t\t\t\t<h2 class=\"elementor-heading-title elementor-size-default\">4. Ngh\u0129a v\u1ee5 c\u1ee7a kh\u00e1ch h\u00e0ng<\/h2>\t\t\t\t<\/div>\n\t\t\t\t<\/div>\n\t\t\t\t<div class=\"elementor-element elementor-element-8191d54 elementor-widget elementor-widget-text-editor\" data-id=\"8191d54\" data-element_type=\"widget\" data-widget_type=\"text-editor.default\">\n\t\t\t\t<div class=\"elementor-widget-container\">\n\t\t\t\t\t\t\t\t\t<p>B\u1ea1n \u0111\u1ed3ng \u00fd cung c\u1ea5p th\u00f4ng tin ch\u00ednh x\u00e1c v\u00e0 \u0111\u1ea7y \u0111\u1ee7 khi \u0111\u1eb7t ph\u00f2ng.<br \/>B\u1ea1n ch\u1ecbu tr\u00e1ch nhi\u1ec7m tu\u00e2n th\u1ee7 c\u00e1c quy \u0111\u1ecbnh ph\u00e1p lu\u1eadt \u0111\u1ecba ph\u01b0\u01a1ng v\u1ec1 xu\u1ea5t nh\u1eadp c\u1ea3nh, y t\u1ebf v\u00e0 ph\u00e1p l\u00fd trong su\u1ed1t th\u1eddi gian l\u01b0u tr\u00fa.<\/p>\t\t\t\t\t\t\t\t<\/div>\n\t\t\t\t<\/div>\n\t\t\t\t<div class=\"elementor-element elementor-element-46a902b elementor-widget elementor-widget-heading\" data-id=\"46a902b\" data-element_type=\"widget\" data-widget_type=\"heading.default\">\n\t\t\t\t<div class=\"elementor-widget-container\">\n\t\t\t\t\t<h2 class=\"elementor-heading-title elementor-size-default\">5. H\u00e0nh vi b\u1ecb nghi\u00eam c\u1ea5m<\/h2>\t\t\t\t<\/div>\n\t\t\t\t<\/div>\n\t\t\t\t<div class=\"elementor-element elementor-element-de6e573 elementor-widget elementor-widget-text-editor\" data-id=\"de6e573\" data-element_type=\"widget\" data-widget_type=\"text-editor.default\">\n\t\t\t\t<div class=\"elementor-widget-container\">\n\t\t\t\t\t\t\t\t\t<p>B\u1ea1n \u0111\u1ed3ng \u00fd kh\u00f4ng:<\/p><ul><li>Th\u1ef1c hi\u1ec7n c\u00e1c \u0111\u1eb7t ph\u00f2ng gian l\u1eadn ho\u1eb7c mang t\u00ednh suy \u0111o\u00e1n<\/li><li>S\u1eed d\u1ee5ng sai m\u1ee5c \u0111\u00edch website ho\u1eb7c c\u1ed1 g\u1eafng x\u00e2m nh\u1eadp h\u1ec7 th\u1ed1ng b\u1ea3o m\u1eadt<\/li><li>T\u1ea3i l\u00ean ho\u1eb7c truy\u1ec1n \u0111i virus, ph\u1ea7n m\u1ec1m \u0111\u1ed9c h\u1ea1i ho\u1eb7c m\u00e3 g\u00e2y h\u1ea1i<\/li><li>S\u1eed d\u1ee5ng c\u00f4ng c\u1ee5 t\u1ef1 \u0111\u1ed9ng \u0111\u1ec3 qu\u00e9t ho\u1eb7c tr\u00edch xu\u1ea5t n\u1ed9i dung t\u1eeb website<\/li><li>Vi ph\u1ea1m ph\u00e1p lu\u1eadt hi\u1ec7n h\u00e0nh ho\u1eb7c quy\u1ec1n l\u1ee3i c\u1ee7a b\u00ean th\u1ee9 ba<\/li><\/ul>\t\t\t\t\t\t\t\t<\/div>\n\t\t\t\t<\/div>\n\t\t\t\t<div class=\"elementor-element elementor-element-67fb3f8 elementor-widget elementor-widget-heading\" data-id=\"67fb3f8\" data-element_type=\"widget\" data-widget_type=\"heading.default\">\n\t\t\t\t<div class=\"elementor-widget-container\">\n\t\t\t\t\t<h2 class=\"elementor-heading-title elementor-size-default\">6. Quy\u1ec1n s\u1edf h\u1eefu tr\u00ed tu\u1ec7<\/h2>\t\t\t\t<\/div>\n\t\t\t\t<\/div>\n\t\t\t\t<div class=\"elementor-element elementor-element-7f07fad elementor-widget elementor-widget-text-editor\" data-id=\"7f07fad\" data-element_type=\"widget\" data-widget_type=\"text-editor.default\">\n\t\t\t\t<div class=\"elementor-widget-container\">\n\t\t\t\t\t\t\t\t\t<p>T\u1ea5t c\u1ea3 n\u1ed9i dung tr\u00ean website n\u00e0y (bao g\u1ed3m h\u00ecnh \u1ea3nh, v\u0103n b\u1ea3n, thi\u1ebft k\u1ebf v\u00e0 logo) thu\u1ed9c s\u1edf h\u1eefu c\u1ee7a Villa S\u00f4ng S\u00e0i G\u00f2n ho\u1eb7c \u0111\u01b0\u1ee3c c\u1ea5p ph\u00e9p. Vi\u1ec7c s\u1eed d\u1ee5ng ho\u1eb7c sao ch\u00e9p tr\u00e1i ph\u00e9p l\u00e0 nghi\u00eam c\u1ea5m.<\/p>\t\t\t\t\t\t\t\t<\/div>\n\t\t\t\t<\/div>\n\t\t\t\t<div class=\"elementor-element elementor-element-2ab5482 elementor-widget elementor-widget-heading\" data-id=\"2ab5482\" data-element_type=\"widget\" data-widget_type=\"heading.default\">\n\t\t\t\t<div class=\"elementor-widget-container\">\n\t\t\t\t\t<h2 class=\"elementor-heading-title elementor-size-default\">7. Mi\u1ec5n tr\u1eeb b\u1ea3o \u0111\u1ea3m<\/h2>\t\t\t\t<\/div>\n\t\t\t\t<\/div>\n\t\t\t\t<div class=\"elementor-element elementor-element-774dd7c elementor-widget elementor-widget-text-editor\" data-id=\"774dd7c\" data-element_type=\"widget\" data-widget_type=\"text-editor.default\">\n\t\t\t\t<div class=\"elementor-widget-container\">\n\t\t\t\t\t\t\t\t\t<p>Website n\u00e0y v\u00e0 n\u1ed9i dung c\u1ee7a n\u00f3 \u0111\u01b0\u1ee3c cung c\u1ea5p \u201cnguy\u00ean tr\u1ea1ng\u201d v\u00e0 \u201cs\u1eb5n c\u00f3\".<br \/>Villa S\u00f4ng S\u00e0i G\u00f2n kh\u00f4ng \u0111\u01b0a ra b\u1ea5t k\u1ef3 cam k\u1ebft ho\u1eb7c b\u1ea3o \u0111\u1ea3m n\u00e0o, d\u00f9 l\u00e0 r\u00f5 r\u00e0ng hay ng\u1ee5 \u00fd, bao g\u1ed3m nh\u01b0ng kh\u00f4ng gi\u1edbi h\u1ea1n \u1edf b\u1ea3o \u0111\u1ea3m v\u1ec1 kh\u1ea3 n\u0103ng th\u01b0\u01a1ng m\u1ea1i, s\u1ef1 ph\u00f9 h\u1ee3p cho m\u1ed9t m\u1ee5c \u0111\u00edch c\u1ee5 th\u1ec3 ho\u1eb7c kh\u00f4ng vi ph\u1ea1m. Ch\u00fang t\u00f4i kh\u00f4ng \u0111\u1ea3m b\u1ea3o r\u1eb1ng website s\u1ebd ho\u1ea1t \u0111\u1ed9ng li\u00ean t\u1ee5c ho\u1eb7c kh\u00f4ng c\u00f3 l\u1ed7i.<\/p>\t\t\t\t\t\t\t\t<\/div>\n\t\t\t\t<\/div>\n\t\t\t\t<div class=\"elementor-element elementor-element-b0e6f1d elementor-widget elementor-widget-heading\" data-id=\"b0e6f1d\" data-element_type=\"widget\" data-widget_type=\"heading.default\">\n\t\t\t\t<div class=\"elementor-widget-container\">\n\t\t\t\t\t<h2 class=\"elementor-heading-title elementor-size-default\">8. Gi\u1edbi h\u1ea1n tr\u00e1ch nhi\u1ec7m<\/h2>\t\t\t\t<\/div>\n\t\t\t\t<\/div>\n\t\t\t\t<div class=\"elementor-element elementor-element-0fcf72d elementor-widget elementor-widget-text-editor\" data-id=\"0fcf72d\" data-element_type=\"widget\" data-widget_type=\"text-editor.default\">\n\t\t\t\t<div class=\"elementor-widget-container\">\n\t\t\t\t\t\t\t\t\t<p>Trong ph\u1ea1m vi t\u1ed1i \u0111a \u0111\u01b0\u1ee3c ph\u00e1p lu\u1eadt cho ph\u00e9p, Villa S\u00f4ng S\u00e0i G\u00f2n s\u1ebd kh\u00f4ng ch\u1ecbu tr\u00e1ch nhi\u1ec7m \u0111\u1ed1i v\u1edbi b\u1ea5t k\u1ef3 thi\u1ec7t h\u1ea1i gi\u00e1n ti\u1ebfp, ng\u1eabu nhi\u00ean, h\u1ec7 qu\u1ea3 ho\u1eb7c mang t\u00ednh tr\u1eebng ph\u1ea1t n\u00e0o ph\u00e1t sinh t\u1eeb vi\u1ec7c b\u1ea1n truy c\u1eadp ho\u1eb7c s\u1eed d\u1ee5ng website hay d\u1ecbch v\u1ee5, ngay c\u1ea3 khi \u0111\u00e3 \u0111\u01b0\u1ee3c th\u00f4ng b\u00e1o v\u1ec1 kh\u1ea3 n\u0103ng x\u1ea3y ra thi\u1ec7t h\u1ea1i \u0111\u00f3.<br \/>T\u1ed5ng tr\u00e1ch nhi\u1ec7m (n\u1ebfu c\u00f3) s\u1ebd kh\u00f4ng v\u01b0\u1ee3t qu\u00e1 s\u1ed1 ti\u1ec1n b\u1ea1n \u0111\u00e3 thanh to\u00e1n cho d\u1ecbch v\u1ee5 ho\u1eb7c \u0111\u1eb7t ph\u00f2ng c\u1ee5 th\u1ec3 li\u00ean quan.<\/p>\t\t\t\t\t\t\t\t<\/div>\n\t\t\t\t<\/div>\n\t\t\t\t<div class=\"elementor-element elementor-element-29443f4 elementor-widget elementor-widget-heading\" data-id=\"29443f4\" data-element_type=\"widget\" data-widget_type=\"heading.default\">\n\t\t\t\t<div class=\"elementor-widget-container\">\n\t\t\t\t\t<h2 class=\"elementor-heading-title elementor-size-default\">9. Communications &amp; Feedback<\/h2>\t\t\t\t<\/div>\n\t\t\t\t<\/div>\n\t\t\t\t<div class=\"elementor-element elementor-element-ba16977 elementor-widget elementor-widget-text-editor\" data-id=\"ba16977\" data-element_type=\"widget\" data-widget_type=\"text-editor.default\">\n\t\t\t\t<div class=\"elementor-widget-container\">\n\t\t\t\t\t\t\t\t\t<p>M\u1ecdi li\u00ean l\u1ea1c b\u1ea1n g\u1eedi cho ch\u00fang t\u00f4i (v\u00ed d\u1ee5: ph\u1ea3n h\u1ed3i, g\u00f3p \u00fd, th\u1eafc m\u1eafc) \u0111\u01b0\u1ee3c coi l\u00e0 kh\u00f4ng b\u1ea3o m\u1eadt v\u00e0 c\u00f3 th\u1ec3 \u0111\u01b0\u1ee3c Villa S\u00f4ng S\u00e0i G\u00f2n s\u1eed d\u1ee5ng cho m\u1ee5c \u0111\u00edch kinh doanh ho\u1eb7c c\u1ea3i thi\u1ec7n d\u1ecbch v\u1ee5 m\u00e0 kh\u00f4ng c\u1ea7n b\u1ed3i th\u01b0\u1eddng ho\u1eb7c h\u1ea1n ch\u1ebf, tr\u1eeb khi c\u00f3 th\u1ecfa thu\u1eadn b\u1eb1ng v\u0103n b\u1ea3n kh\u00e1c.<\/p>\t\t\t\t\t\t\t\t<\/div>\n\t\t\t\t<\/div>\n\t\t\t\t<div class=\"elementor-element elementor-element-edb46a2 elementor-widget elementor-widget-heading\" data-id=\"edb46a2\" data-element_type=\"widget\" data-widget_type=\"heading.default\">\n\t\t\t\t<div class=\"elementor-widget-container\">\n\t\t\t\t\t<h2 class=\"elementor-heading-title elementor-size-default\">10. Governing Law &amp; Jurisdiction<\/h2>\t\t\t\t<\/div>\n\t\t\t\t<\/div>\n\t\t\t\t<div class=\"elementor-element elementor-element-49972b1 elementor-widget elementor-widget-text-editor\" data-id=\"49972b1\" data-element_type=\"widget\" data-widget_type=\"text-editor.default\">\n\t\t\t\t<div class=\"elementor-widget-container\">\n\t\t\t\t\t\t\t\t\t<p>C\u00e1c \u0110i\u1ec1u kho\u1ea3n n\u00e0y \u0111\u01b0\u1ee3c \u0111i\u1ec1u ch\u1ec9nh b\u1edfi ph\u00e1p lu\u1eadt c\u1ee7a C\u1ed9ng h\u00f2a X\u00e3 h\u1ed9i Ch\u1ee7 ngh\u0129a Vi\u1ec7t Nam.<br \/>M\u1ecdi tranh ch\u1ea5p ph\u00e1t sinh t\u1eeb ho\u1eb7c li\u00ean quan \u0111\u1ebfn c\u00e1c \u0110i\u1ec1u kho\u1ea3n n\u00e0y s\u1ebd \u0111\u01b0\u1ee3c gi\u1ea3i quy\u1ebft t\u1ea1i t\u00f2a \u00e1n c\u00f3 th\u1ea9m quy\u1ec1n \u1edf TP. H\u1ed3 Ch\u00ed Minh.<br \/>Kh\u00e1ch qu\u1ed1c t\u1ebf c\u0169ng c\u00f3 th\u1ec3 \u0111\u01b0\u1ee3c b\u1ea3o v\u1ec7 theo lu\u1eadt b\u1ea3o v\u1ec7 ng\u01b0\u1eddi ti\u00eau d\u00f9ng t\u1ea1i qu\u1ed1c gia c\u1ee7a h\u1ecd, n\u1ebfu ph\u00e1p lu\u1eadt y\u00eau c\u1ea7u.<\/p>\t\t\t\t\t\t\t\t<\/div>\n\t\t\t\t<\/div>\n\t\t\t\t<\/div>\n\t\t\t\t\t<\/div>\n\t\t\t\t<\/div>\n\t\t\t\t<\/div>","protected":false},"excerpt":{"rendered":"<p>Terms &#038; Conditions 1. Acceptance of Terms By accessing this website or using our services, you agree to be bound by these Terms &amp; Conditions and our Privacy Policy. If you do not agree with these terms, please discontinue use of our website. 2. Bookings &#038; Payment Reservations made via this website are only confirmed [&hellip;]<\/p>","protected":false},"author":1,"featured_media":0,"parent":0,"menu_order":0,"comment_status":"closed","ping_status":"closed","template":"","meta":{"_acf_changed":false,"_eb_attr":"","inline_featured_image":false,"ngg_post_thumbnail":0,"footnotes":""},"class_list":["post-374","page","type-page","status-publish","hentry"],"acf":[],"yoast_head":"<!-- This site is optimized with the Yoast SEO plugin v26.4 - https:\/\/yoast.com\/wordpress\/plugins\/seo\/ -->\n<title>Terms &amp; Conditions - Villa S\u00f4ng<\/title>\n<meta name=\"robots\" content=\"index, follow, max-snippet:-1, max-image-preview:large, max-video-preview:-1\" \/>\n<link rel=\"canonical\" href=\"https:\/\/www.villasong.com\/vi\/terms-conditions\/\" \/>\n<meta property=\"og:locale\" content=\"vi_VN\" \/>\n<meta property=\"og:type\" content=\"article\" \/>\n<meta property=\"og:title\" content=\"Terms &amp; Conditions - Villa S\u00f4ng\" \/>\n<meta property=\"og:description\" content=\"Terms &#038; Conditions 1. Acceptance of Terms By accessing this website or using our services, you agree to be bound by these Terms &amp; Conditions and our Privacy Policy. If you do not agree with these terms, please discontinue use of our website. 2. Bookings &#038; Payment Reservations made via this website are only confirmed [&hellip;]\" \/>\n<meta property=\"og:url\" content=\"https:\/\/www.villasong.com\/vi\/terms-conditions\/\" \/>\n<meta property=\"og:site_name\" content=\"Villa S\u00f4ng\" \/>\n<meta property=\"article:modified_time\" content=\"2025-09-30T07:35:09+00:00\" \/>\n<meta name=\"twitter:card\" content=\"summary_large_image\" \/>\n<meta name=\"twitter:label1\" content=\"\u01af\u1edbc t\u00ednh th\u1eddi gian \u0111\u1ecdc\" \/>\n\t<meta name=\"twitter:data1\" content=\"2 ph\u00fat\" \/>\n<script type=\"application\/ld+json\" class=\"yoast-schema-graph\">{\"@context\":\"https:\/\/schema.org\",\"@graph\":[{\"@type\":\"WebPage\",\"@id\":\"https:\/\/www.villasong.com\/terms-conditions\/\",\"url\":\"https:\/\/www.villasong.com\/terms-conditions\/\",\"name\":\"Terms &amp; Conditions - Villa S\u00f4ng\",\"isPartOf\":{\"@id\":\"https:\/\/www.villasong.com\/#website\"},\"datePublished\":\"2025-05-26T08:22:52+00:00\",\"dateModified\":\"2025-09-30T07:35:09+00:00\",\"breadcrumb\":{\"@id\":\"https:\/\/www.villasong.com\/terms-conditions\/#breadcrumb\"},\"inLanguage\":\"vi\",\"potentialAction\":[{\"@type\":\"ReadAction\",\"target\":[\"https:\/\/www.villasong.com\/terms-conditions\/\"]}]},{\"@type\":\"BreadcrumbList\",\"@id\":\"https:\/\/www.villasong.com\/terms-conditions\/#breadcrumb\",\"itemListElement\":[{\"@type\":\"ListItem\",\"position\":1,\"name\":\"Home\",\"item\":\"https:\/\/www.villasong.com\/\"},{\"@type\":\"ListItem\",\"position\":2,\"name\":\"Terms &amp; Conditions\"}]},{\"@type\":\"WebSite\",\"@id\":\"https:\/\/www.villasong.com\/#website\",\"url\":\"https:\/\/www.villasong.com\/\",\"name\":\"Villa S\u00f4ng\",\"description\":\"The hallmark of boutique luxury charm. Experience hospitality that transcends the ordinary \u2013 moving beyond conventional services to create tailor-made moments.\",\"publisher\":{\"@id\":\"https:\/\/www.villasong.com\/#organization\"},\"potentialAction\":[{\"@type\":\"SearchAction\",\"target\":{\"@type\":\"EntryPoint\",\"urlTemplate\":\"https:\/\/www.villasong.com\/?s={search_term_string}\"},\"query-input\":{\"@type\":\"PropertyValueSpecification\",\"valueRequired\":true,\"valueName\":\"search_term_string\"}}],\"inLanguage\":\"vi\"},{\"@type\":\"Organization\",\"@id\":\"https:\/\/www.villasong.com\/#organization\",\"name\":\"Villa S\u00f4ng\",\"url\":\"https:\/\/www.villasong.com\/\",\"logo\":{\"@type\":\"ImageObject\",\"inLanguage\":\"vi\",\"@id\":\"https:\/\/www.villasong.com\/#\/schema\/logo\/image\/\",\"url\":\"https:\/\/www.villasong.com\/wp-content\/uploads\/2025\/05\/logovillasong2.png\",\"contentUrl\":\"https:\/\/www.villasong.com\/wp-content\/uploads\/2025\/05\/logovillasong2.png\",\"width\":135,\"height\":84,\"caption\":\"Villa S\u00f4ng\"},\"image\":{\"@id\":\"https:\/\/www.villasong.com\/#\/schema\/logo\/image\/\"}}]}<\/script>\n<!-- \/ Yoast SEO plugin. -->","yoast_head_json":{"title":"Terms &amp; Conditions - Villa S\u00f4ng","robots":{"index":"index","follow":"follow","max-snippet":"max-snippet:-1","max-image-preview":"max-image-preview:large","max-video-preview":"max-video-preview:-1"},"canonical":"https:\/\/www.villasong.com\/vi\/terms-conditions\/","og_locale":"vi_VN","og_type":"article","og_title":"Terms &amp; Conditions - Villa S\u00f4ng","og_description":"Terms &#038; Conditions 1. Acceptance of Terms By accessing this website or using our services, you agree to be bound by these Terms &amp; Conditions and our Privacy Policy. If you do not agree with these terms, please discontinue use of our website. 2. Bookings &#038; Payment Reservations made via this website are only confirmed [&hellip;]","og_url":"https:\/\/www.villasong.com\/vi\/terms-conditions\/","og_site_name":"Villa S\u00f4ng","article_modified_time":"2025-09-30T07:35:09+00:00","twitter_card":"summary_large_image","twitter_misc":{"\u01af\u1edbc t\u00ednh th\u1eddi gian \u0111\u1ecdc":"2 ph\u00fat"},"schema":{"@context":"https:\/\/schema.org","@graph":[{"@type":"WebPage","@id":"https:\/\/www.villasong.com\/terms-conditions\/","url":"https:\/\/www.villasong.com\/terms-conditions\/","name":"Terms &amp; Conditions - Villa S\u00f4ng","isPartOf":{"@id":"https:\/\/www.villasong.com\/#website"},"datePublished":"2025-05-26T08:22:52+00:00","dateModified":"2025-09-30T07:35:09+00:00","breadcrumb":{"@id":"https:\/\/www.villasong.com\/terms-conditions\/#breadcrumb"},"inLanguage":"vi","potentialAction":[{"@type":"ReadAction","target":["https:\/\/www.villasong.com\/terms-conditions\/"]}]},{"@type":"BreadcrumbList","@id":"https:\/\/www.villasong.com\/terms-conditions\/#breadcrumb","itemListElement":[{"@type":"ListItem","position":1,"name":"Home","item":"https:\/\/www.villasong.com\/"},{"@type":"ListItem","position":2,"name":"Terms &amp; Conditions"}]},{"@type":"WebSite","@id":"https:\/\/www.villasong.com\/#website","url":"https:\/\/www.villasong.com\/","name":"Villa S\u00f4ng","description":"The hallmark of boutique luxury charm. Experience hospitality that transcends the ordinary \u2013 moving beyond conventional services to create tailor-made moments.","publisher":{"@id":"https:\/\/www.villasong.com\/#organization"},"potentialAction":[{"@type":"SearchAction","target":{"@type":"EntryPoint","urlTemplate":"https:\/\/www.villasong.com\/?s={search_term_string}"},"query-input":{"@type":"PropertyValueSpecification","valueRequired":true,"valueName":"search_term_string"}}],"inLanguage":"vi"},{"@type":"Organization","@id":"https:\/\/www.villasong.com\/#organization","name":"Villa S\u00f4ng","url":"https:\/\/www.villasong.com\/","logo":{"@type":"ImageObject","inLanguage":"vi","@id":"https:\/\/www.villasong.com\/#\/schema\/logo\/image\/","url":"https:\/\/www.villasong.com\/wp-content\/uploads\/2025\/05\/logovillasong2.png","contentUrl":"https:\/\/www.villasong.com\/wp-content\/uploads\/2025\/05\/logovillasong2.png","width":135,"height":84,"caption":"Villa S\u00f4ng"},"image":{"@id":"https:\/\/www.villasong.com\/#\/schema\/logo\/image\/"}}]}},"meta_box":[],"_links":{"self":[{"href":"https:\/\/www.villasong.com\/vi\/wp-json\/wp\/v2\/pages\/374","targetHints":{"allow":["GET"]}}],"collection":[{"href":"https:\/\/www.villasong.com\/vi\/wp-json\/wp\/v2\/pages"}],"about":[{"href":"https:\/\/www.villasong.com\/vi\/wp-json\/wp\/v2\/types\/page"}],"author":[{"embeddable":true,"href":"https:\/\/www.villasong.com\/vi\/wp-json\/wp\/v2\/users\/1"}],"replies":[{"embeddable":true,"href":"https:\/\/www.villasong.com\/vi\/wp-json\/wp\/v2\/comments?post=374"}],"version-history":[{"count":8,"href":"https:\/\/www.villasong.com\/vi\/wp-json\/wp\/v2\/pages\/374\/revisions"}],"predecessor-version":[{"id":10695,"href":"https:\/\/www.villasong.com\/vi\/wp-json\/wp\/v2\/pages\/374\/revisions\/10695"}],"wp:attachment":[{"href":"https:\/\/www.villasong.com\/vi\/wp-json\/wp\/v2\/media?parent=374"}],"curies":[{"name":"wp","href":"https:\/\/api.w.org\/{rel}","templated":true}]}}