{"id":8443,"date":"2025-08-21T03:21:22","date_gmt":"2025-08-21T03:21:22","guid":{"rendered":"https:\/\/villasong.web.exnodes.vn\/?page_id=8443"},"modified":"2025-08-21T04:35:16","modified_gmt":"2025-08-21T04:35:16","slug":"gallery-copy","status":"publish","type":"page","link":"https:\/\/www.villasong.com\/vi\/gallery-copy\/","title":{"rendered":"Gallery &#8211; Copy"},"content":{"rendered":"<div data-elementor-type=\"wp-page\" data-elementor-id=\"8443\" class=\"elementor elementor-8443\" data-elementor-post-type=\"page\">\n\t\t\t\t<div class=\"elementor-element elementor-element-fcf93dd e-flex e-con-boxed e-con e-parent\" data-id=\"fcf93dd\" data-element_type=\"container\" data-settings=\"{&quot;background_background&quot;:&quot;classic&quot;}\">\n\t\t\t\t\t<div class=\"e-con-inner\">\n\t\t<div class=\"elementor-element elementor-element-356e62a e-flex e-con-boxed e-con e-child\" data-id=\"356e62a\" data-element_type=\"container\">\n\t\t\t\t\t<div class=\"e-con-inner\">\n\t\t<div class=\"elementor-element elementor-element-3b92d12 e-con-full e-flex e-con e-child\" data-id=\"3b92d12\" data-element_type=\"container\">\n\t\t\t\t<div class=\"elementor-element elementor-element-83f5c73 elementor-widget elementor-widget-heading\" data-id=\"83f5c73\" data-element_type=\"widget\" data-widget_type=\"heading.default\">\n\t\t\t\t<div class=\"elementor-widget-container\">\n\t\t\t\t\t<h2 class=\"elementor-heading-title elementor-size-default\">KHO\u1ea2NH KH\u1eaeC \u0110\u00c1NG NH\u1eda<\/h2>\t\t\t\t<\/div>\n\t\t\t\t<\/div>\n\t\t\t\t<\/div>\n\t\t\t\t\t<\/div>\n\t\t\t\t<\/div>\n\t\t\t\t\t<\/div>\n\t\t\t\t<\/div>\n\t\t<div class=\"elementor-element elementor-element-6b21d99 e-flex e-con-boxed e-con e-parent\" data-id=\"6b21d99\" data-element_type=\"container\">\n\t\t\t\t\t<div class=\"e-con-inner\">\n\t\t\t\t<div class=\"elementor-element elementor-element-e148eb1 elementor-widget elementor-widget-spacer\" data-id=\"e148eb1\" data-element_type=\"widget\" data-widget_type=\"spacer.default\">\n\t\t\t\t<div class=\"elementor-widget-container\">\n\t\t\t\t\t\t\t<div class=\"elementor-spacer\">\n\t\t\t<div class=\"elementor-spacer-inner\"><\/div>\n\t\t<\/div>\n\t\t\t\t\t\t<\/div>\n\t\t\t\t<\/div>\n\t\t\t\t<div class=\"elementor-element elementor-element-9c30ddb e-n-tabs-none elementor-widget elementor-widget-n-tabs\" data-id=\"9c30ddb\" data-element_type=\"widget\" data-settings=\"{&quot;horizontal_scroll&quot;:&quot;disable&quot;}\" data-widget_type=\"nested-tabs.default\">\n\t\t\t\t<div class=\"elementor-widget-container\">\n\t\t\t\t\t\t\t<div class=\"e-n-tabs\" data-widget-number=\"163778011\" aria-label=\"C\u00e1c tab. M\u1edf m\u1ee5c b\u1eb1ng ph\u00edm Enter ho\u1eb7c Space, \u0111\u00f3ng b\u1eb1ng ph\u00edm Esc v\u00e0 di chuy\u1ec3n b\u1eb1ng c\u00e1c ph\u00edm m\u0169i t\u00ean.\">\n\t\t\t<div class=\"e-n-tabs-heading\" role=\"tablist\">\n\t\t\t\t\t<button id=\"e-n-tab-title-1637780111\" class=\"e-n-tab-title\" aria-selected=\"true\" data-tab-index=\"1\" role=\"tab\" tabindex=\"0\" aria-controls=\"e-n-tab-content-1637780111\" style=\"--n-tabs-title-order: 1;\">\n\t\t\t\t\t\t<span class=\"e-n-tab-title-text\">\n\t\t\t\tT\u1ea5t c\u1ea3\t\t\t<\/span>\n\t\t<\/button>\n\t\t\t\t<button id=\"e-n-tab-title-1637780112\" class=\"e-n-tab-title\" aria-selected=\"false\" data-tab-index=\"2\" role=\"tab\" tabindex=\"-1\" aria-controls=\"e-n-tab-content-1637780112\" style=\"--n-tabs-title-order: 2;\">\n\t\t\t\t\t\t<span class=\"e-n-tab-title-text\">\n\t\t\t\tPh\u00f2ng ngh\u1ec9\t\t\t<\/span>\n\t\t<\/button>\n\t\t\t\t<button id=\"e-n-tab-title-1637780113\" class=\"e-n-tab-title\" aria-selected=\"false\" data-tab-index=\"3\" role=\"tab\" tabindex=\"-1\" aria-controls=\"e-n-tab-content-1637780113\" style=\"--n-tabs-title-order: 3;\">\n\t\t\t\t\t\t<span class=\"e-n-tab-title-text\">\n\t\t\t\t\u1ea8m th\u1ef1c\t\t\t<\/span>\n\t\t<\/button>\n\t\t\t\t<button id=\"e-n-tab-title-1637780114\" class=\"e-n-tab-title\" aria-selected=\"false\" data-tab-index=\"4\" role=\"tab\" tabindex=\"-1\" aria-controls=\"e-n-tab-content-1637780114\" style=\"--n-tabs-title-order: 4;\">\n\t\t\t\t\t\t<span class=\"e-n-tab-title-text\">\n\t\t\t\t\u0110\u00e1m c\u01b0\u1edbi &amp; S\u1ef1 ki\u1ec7n\t\t\t<\/span>\n\t\t<\/button>\n\t\t\t\t<button id=\"e-n-tab-title-1637780115\" class=\"e-n-tab-title\" aria-selected=\"false\" data-tab-index=\"5\" role=\"tab\" tabindex=\"-1\" aria-controls=\"e-n-tab-content-1637780115\" style=\"--n-tabs-title-order: 5;\">\n\t\t\t\t\t\t<span class=\"e-n-tab-title-text\">\n\t\t\t\tTr\u1ea3i nghi\u1ec7m\t\t\t<\/span>\n\t\t<\/button>\n\t\t\t\t\t<\/div>\n\t\t\t<div class=\"e-n-tabs-content\">\n\t\t\t\t<div id=\"e-n-tab-content-1637780111\" role=\"tabpanel\" aria-labelledby=\"e-n-tab-title-1637780111\" data-tab-index=\"1\" style=\"--n-tabs-title-order: 1;\" class=\"e-active elementor-element elementor-element-f286cf0 e-con-full e-flex e-con e-child\" data-id=\"f286cf0\" data-element_type=\"container\">\n\t\t\t\t<\/div>\n\t\t<div id=\"e-n-tab-content-1637780112\" role=\"tabpanel\" aria-labelledby=\"e-n-tab-title-1637780112\" data-tab-index=\"2\" style=\"--n-tabs-title-order: 2;\" class=\"elementor-element elementor-element-cb12994 e-con-full e-flex e-con e-child\" data-id=\"cb12994\" data-element_type=\"container\">\n\t\t\t\t<div class=\"elementor-element elementor-element-9e297c3 elementor-widget elementor-widget-shortcode\" data-id=\"9e297c3\" data-element_type=\"widget\" data-widget_type=\"shortcode.default\">\n\t\t\t\t<div class=\"elementor-widget-container\">\n\t\t\t\t\t\t\t<div class=\"elementor-shortcode\">ngg_shortcode_0_placeholder<\/div>\n\t\t\t\t\t\t<\/div>\n\t\t\t\t<\/div>\n\t\t\t\t<\/div>\n\t\t<div id=\"e-n-tab-content-1637780113\" role=\"tabpanel\" aria-labelledby=\"e-n-tab-title-1637780113\" data-tab-index=\"3\" style=\"--n-tabs-title-order: 3;\" class=\"elementor-element elementor-element-e58e09b e-con-full e-flex e-con e-child\" data-id=\"e58e09b\" data-element_type=\"container\">\n\t\t\t\t<\/div>\n\t\t<div id=\"e-n-tab-content-1637780114\" role=\"tabpanel\" aria-labelledby=\"e-n-tab-title-1637780114\" data-tab-index=\"4\" style=\"--n-tabs-title-order: 4;\" class=\"elementor-element elementor-element-65a6fe1 e-flex e-con-boxed e-con e-child\" data-id=\"65a6fe1\" data-element_type=\"container\">\n\t\t\t\t\t<div class=\"e-con-inner\">\n\t\t\t\t\t<\/div>\n\t\t\t\t<\/div>\n\t\t<div id=\"e-n-tab-content-1637780115\" role=\"tabpanel\" aria-labelledby=\"e-n-tab-title-1637780115\" data-tab-index=\"5\" style=\"--n-tabs-title-order: 5;\" class=\"elementor-element elementor-element-bc108ce e-flex e-con-boxed e-con e-child\" data-id=\"bc108ce\" data-element_type=\"container\">\n\t\t\t\t\t<div class=\"e-con-inner\">\n\t\t\t\t\t<\/div>\n\t\t\t\t<\/div>\n\t\t\t\t\t<\/div>\n\t\t<\/div>\n\t\t\t\t\t\t<\/div>\n\t\t\t\t<\/div>\n\t\t\t\t\t<\/div>\n\t\t\t\t<\/div>\n\t\t\t\t<\/div>","protected":false},"excerpt":{"rendered":"<p>GALLERY All Suites &amp; Rooms Dining Weddings &amp; Events Experience 1 2 &#8230; 4 &#9658;<\/p>","protected":false},"author":1,"featured_media":0,"parent":0,"menu_order":0,"comment_status":"closed","ping_status":"closed","template":"","meta":{"_acf_changed":false,"_eb_attr":"","inline_featured_image":false,"ngg_post_thumbnail":0,"footnotes":""},"class_list":["post-8443","page","type-page","status-publish","hentry"],"acf":[],"yoast_head":"<!-- This site is optimized with the Yoast SEO plugin v26.4 - https:\/\/yoast.com\/wordpress\/plugins\/seo\/ -->\n<title>Gallery - Copy - Villa S\u00f4ng<\/title>\n<meta name=\"robots\" content=\"index, follow, max-snippet:-1, max-image-preview:large, max-video-preview:-1\" \/>\n<link rel=\"canonical\" href=\"https:\/\/www.villasong.com\/vi\/gallery-copy\/\" \/>\n<meta property=\"og:locale\" content=\"vi_VN\" \/>\n<meta property=\"og:type\" content=\"article\" \/>\n<meta property=\"og:title\" content=\"Gallery - Copy - Villa S\u00f4ng\" \/>\n<meta property=\"og:description\" content=\"GALLERY All Suites &amp; Rooms Dining Weddings &amp; Events Experience 1 2 &#8230; 4 &#9658;\" \/>\n<meta property=\"og:url\" content=\"https:\/\/www.villasong.com\/vi\/gallery-copy\/\" \/>\n<meta property=\"og:site_name\" content=\"Villa S\u00f4ng\" \/>\n<meta property=\"article:modified_time\" content=\"2025-08-21T04:35:16+00:00\" \/>\n<meta name=\"twitter:card\" content=\"summary_large_image\" \/>\n<meta name=\"twitter:label1\" content=\"\u01af\u1edbc t\u00ednh th\u1eddi gian \u0111\u1ecdc\" \/>\n\t<meta name=\"twitter:data1\" content=\"1 ph\u00fat\" \/>\n<script type=\"application\/ld+json\" class=\"yoast-schema-graph\">{\"@context\":\"https:\/\/schema.org\",\"@graph\":[{\"@type\":\"WebPage\",\"@id\":\"https:\/\/www.villasong.com\/gallery-copy\/\",\"url\":\"https:\/\/www.villasong.com\/gallery-copy\/\",\"name\":\"Gallery - Copy - Villa S\u00f4ng\",\"isPartOf\":{\"@id\":\"https:\/\/www.villasong.com\/#website\"},\"datePublished\":\"2025-08-21T03:21:22+00:00\",\"dateModified\":\"2025-08-21T04:35:16+00:00\",\"breadcrumb\":{\"@id\":\"https:\/\/www.villasong.com\/gallery-copy\/#breadcrumb\"},\"inLanguage\":\"vi\",\"potentialAction\":[{\"@type\":\"ReadAction\",\"target\":[\"https:\/\/www.villasong.com\/gallery-copy\/\"]}]},{\"@type\":\"BreadcrumbList\",\"@id\":\"https:\/\/www.villasong.com\/gallery-copy\/#breadcrumb\",\"itemListElement\":[{\"@type\":\"ListItem\",\"position\":1,\"name\":\"Home\",\"item\":\"https:\/\/www.villasong.com\/\"},{\"@type\":\"ListItem\",\"position\":2,\"name\":\"Gallery &#8211; Copy\"}]},{\"@type\":\"WebSite\",\"@id\":\"https:\/\/www.villasong.com\/#website\",\"url\":\"https:\/\/www.villasong.com\/\",\"name\":\"Villa S\u00f4ng\",\"description\":\"The hallmark of boutique luxury charm. Experience hospitality that transcends the ordinary \u2013 moving beyond conventional services to create tailor-made moments.\",\"publisher\":{\"@id\":\"https:\/\/www.villasong.com\/#organization\"},\"potentialAction\":[{\"@type\":\"SearchAction\",\"target\":{\"@type\":\"EntryPoint\",\"urlTemplate\":\"https:\/\/www.villasong.com\/?s={search_term_string}\"},\"query-input\":{\"@type\":\"PropertyValueSpecification\",\"valueRequired\":true,\"valueName\":\"search_term_string\"}}],\"inLanguage\":\"vi\"},{\"@type\":\"Organization\",\"@id\":\"https:\/\/www.villasong.com\/#organization\",\"name\":\"Villa S\u00f4ng\",\"url\":\"https:\/\/www.villasong.com\/\",\"logo\":{\"@type\":\"ImageObject\",\"inLanguage\":\"vi\",\"@id\":\"https:\/\/www.villasong.com\/#\/schema\/logo\/image\/\",\"url\":\"https:\/\/www.villasong.com\/wp-content\/uploads\/2025\/05\/logovillasong2.png\",\"contentUrl\":\"https:\/\/www.villasong.com\/wp-content\/uploads\/2025\/05\/logovillasong2.png\",\"width\":135,\"height\":84,\"caption\":\"Villa S\u00f4ng\"},\"image\":{\"@id\":\"https:\/\/www.villasong.com\/#\/schema\/logo\/image\/\"}}]}<\/script>\n<!-- \/ Yoast SEO plugin. -->","yoast_head_json":{"title":"Gallery - Copy - Villa S\u00f4ng","robots":{"index":"index","follow":"follow","max-snippet":"max-snippet:-1","max-image-preview":"max-image-preview:large","max-video-preview":"max-video-preview:-1"},"canonical":"https:\/\/www.villasong.com\/vi\/gallery-copy\/","og_locale":"vi_VN","og_type":"article","og_title":"Gallery - Copy - Villa S\u00f4ng","og_description":"GALLERY All Suites &amp; Rooms Dining Weddings &amp; Events Experience 1 2 &#8230; 4 &#9658;","og_url":"https:\/\/www.villasong.com\/vi\/gallery-copy\/","og_site_name":"Villa S\u00f4ng","article_modified_time":"2025-08-21T04:35:16+00:00","twitter_card":"summary_large_image","twitter_misc":{"\u01af\u1edbc t\u00ednh th\u1eddi gian \u0111\u1ecdc":"1 ph\u00fat"},"schema":{"@context":"https:\/\/schema.org","@graph":[{"@type":"WebPage","@id":"https:\/\/www.villasong.com\/gallery-copy\/","url":"https:\/\/www.villasong.com\/gallery-copy\/","name":"Gallery - Copy - Villa S\u00f4ng","isPartOf":{"@id":"https:\/\/www.villasong.com\/#website"},"datePublished":"2025-08-21T03:21:22+00:00","dateModified":"2025-08-21T04:35:16+00:00","breadcrumb":{"@id":"https:\/\/www.villasong.com\/gallery-copy\/#breadcrumb"},"inLanguage":"vi","potentialAction":[{"@type":"ReadAction","target":["https:\/\/www.villasong.com\/gallery-copy\/"]}]},{"@type":"BreadcrumbList","@id":"https:\/\/www.villasong.com\/gallery-copy\/#breadcrumb","itemListElement":[{"@type":"ListItem","position":1,"name":"Home","item":"https:\/\/www.villasong.com\/"},{"@type":"ListItem","position":2,"name":"Gallery &#8211; Copy"}]},{"@type":"WebSite","@id":"https:\/\/www.villasong.com\/#website","url":"https:\/\/www.villasong.com\/","name":"Villa S\u00f4ng","description":"The hallmark of boutique luxury charm. Experience hospitality that transcends the ordinary \u2013 moving beyond conventional services to create tailor-made moments.","publisher":{"@id":"https:\/\/www.villasong.com\/#organization"},"potentialAction":[{"@type":"SearchAction","target":{"@type":"EntryPoint","urlTemplate":"https:\/\/www.villasong.com\/?s={search_term_string}"},"query-input":{"@type":"PropertyValueSpecification","valueRequired":true,"valueName":"search_term_string"}}],"inLanguage":"vi"},{"@type":"Organization","@id":"https:\/\/www.villasong.com\/#organization","name":"Villa S\u00f4ng","url":"https:\/\/www.villasong.com\/","logo":{"@type":"ImageObject","inLanguage":"vi","@id":"https:\/\/www.villasong.com\/#\/schema\/logo\/image\/","url":"https:\/\/www.villasong.com\/wp-content\/uploads\/2025\/05\/logovillasong2.png","contentUrl":"https:\/\/www.villasong.com\/wp-content\/uploads\/2025\/05\/logovillasong2.png","width":135,"height":84,"caption":"Villa S\u00f4ng"},"image":{"@id":"https:\/\/www.villasong.com\/#\/schema\/logo\/image\/"}}]}},"meta_box":[],"_links":{"self":[{"href":"https:\/\/www.villasong.com\/vi\/wp-json\/wp\/v2\/pages\/8443","targetHints":{"allow":["GET"]}}],"collection":[{"href":"https:\/\/www.villasong.com\/vi\/wp-json\/wp\/v2\/pages"}],"about":[{"href":"https:\/\/www.villasong.com\/vi\/wp-json\/wp\/v2\/types\/page"}],"author":[{"embeddable":true,"href":"https:\/\/www.villasong.com\/vi\/wp-json\/wp\/v2\/users\/1"}],"replies":[{"embeddable":true,"href":"https:\/\/www.villasong.com\/vi\/wp-json\/wp\/v2\/comments?post=8443"}],"version-history":[{"count":19,"href":"https:\/\/www.villasong.com\/vi\/wp-json\/wp\/v2\/pages\/8443\/revisions"}],"predecessor-version":[{"id":8518,"href":"https:\/\/www.villasong.com\/vi\/wp-json\/wp\/v2\/pages\/8443\/revisions\/8518"}],"wp:attachment":[{"href":"https:\/\/www.villasong.com\/vi\/wp-json\/wp\/v2\/media?parent=8443"}],"curies":[{"name":"wp","href":"https:\/\/api.w.org\/{rel}","templated":true}]}}